{"id":1727,"date":"2021-05-31T13:12:23","date_gmt":"2021-05-31T11:12:23","guid":{"rendered":"https:\/\/www.gratch.com\/graffitiremovers\/?post_type=product&#038;p=1727"},"modified":"2024-06-27T12:28:23","modified_gmt":"2024-06-27T10:28:23","slug":"gratch-sra-schatten-entferner","status":"publish","type":"product","link":"https:\/\/www.gratch.com\/graffitiremovers\/de\/product\/gratch-sra-schatten-entferner\/","title":{"rendered":"Gratch SRA Schatten-Entferner 1 &#8211; 12 L"},"content":{"rendered":"<p>Gratch SRA Schatten-Entferner ist einen alkalischen Schatten-Entferner, mit kurzer Reaktionszeit und wird angewendet an extrem hartn\u00e4ckigen Graffitis und auf Untergr\u00fcnden, die nur geringen mechanischen Kr\u00e4ften standhalten. Denken Sie an schlechte Fugen oder geschliffene Steinarten.<\/p>\n<p>Gratch SRA Schatten-Entferner erm\u00f6glicht es Ihnen, Graffiti ohne Besch\u00e4digung zu entfernen. Biologisch abbaubar und sehr effektiv!<\/p>\n<p>Verbrauch 1 Liter f\u00fcr ca. 8 m\u00b2.<\/p>\n","protected":false},"excerpt":{"rendered":"<p>Kurzer Reaktionszeit und wird angewendet an extrem hartn\u00e4ckigen Graffitis<\/p>\n","protected":false},"featured_media":1602,"template":"","meta":[],"product_brand":[],"product_cat":[115,133],"product_tag":[],"class_list":{"0":"post-1727","1":"product","2":"type-product","3":"status-publish","4":"has-post-thumbnail","6":"product_cat-grafitti-entferners","7":"product_cat-alle-gratch-produkte","9":"first","10":"instock","11":"taxable","12":"shipping-taxable","13":"purchasable","14":"product-type-variable"},"aioseo_notices":[],"_links":{"self":[{"href":"https:\/\/www.gratch.com\/graffitiremovers\/wp-json\/wp\/v2\/product\/1727","targetHints":{"allow":["GET"]}}],"collection":[{"href":"https:\/\/www.gratch.com\/graffitiremovers\/wp-json\/wp\/v2\/product"}],"about":[{"href":"https:\/\/www.gratch.com\/graffitiremovers\/wp-json\/wp\/v2\/types\/product"}],"wp:featuredmedia":[{"embeddable":true,"href":"https:\/\/www.gratch.com\/graffitiremovers\/wp-json\/wp\/v2\/media\/1602"}],"wp:attachment":[{"href":"https:\/\/www.gratch.com\/graffitiremovers\/wp-json\/wp\/v2\/media?parent=1727"}],"wp:term":[{"taxonomy":"product_brand","embeddable":true,"href":"https:\/\/www.gratch.com\/graffitiremovers\/wp-json\/wp\/v2\/product_brand?post=1727"},{"taxonomy":"product_cat","embeddable":true,"href":"https:\/\/www.gratch.com\/graffitiremovers\/wp-json\/wp\/v2\/product_cat?post=1727"},{"taxonomy":"product_tag","embeddable":true,"href":"https:\/\/www.gratch.com\/graffitiremovers\/wp-json\/wp\/v2\/product_tag?post=1727"}],"curies":[{"name":"wp","href":"https:\/\/api.w.org\/{rel}","templated":true}]}}