{"id":1733,"date":"2021-05-31T13:24:46","date_gmt":"2021-05-31T11:24:46","guid":{"rendered":"https:\/\/www.gratch.com\/graffitiremovers\/?post_type=product&#038;p=1733"},"modified":"2024-06-27T12:30:50","modified_gmt":"2024-06-27T10:30:50","slug":"gratch-ultra-gel-de","status":"publish","type":"product","link":"https:\/\/www.gratch.com\/graffitiremovers\/de\/product\/gratch-ultra-gel-de\/","title":{"rendered":"Gratch Ultra Gel 10 L"},"content":{"rendered":"<p>Gratch Utra Gel mit verl\u00e4ngerte Reaktionszeit, welche einen positiven Effekt auf Graffitis mit mehreren Schichten hat. Das Gel bricht die Struktur der Farbe auf. Die Verwendung von Abdeckfolie ist nicht erforderlich. Trotz der effektiven Wirkung des Gels ist es VOC-frei und nicht sch\u00e4dlich f\u00fcr Mensch und Umwelt. Auch f\u00fcr die Behandlung grosser Fl\u00e4chen ist dies die perfekte L\u00f6sung.<\/p>\n<p>Die Anwendung des Gels ist relativ einfach: Bestreichen Sie die abgedeckte Oberfl\u00e4che mit Gratch Ultra Gel und lassen Sie es 30 Minuten bis mehrere Stunden einwirken. Sie werden sehen, wie sich die Graffiti von der Oberfl\u00e4che l\u00f6sen (aufrollen). Wenn das Gel vollst\u00e4ndig in die Oberfl\u00e4che eingedrungen ist, k\u00f6nnen Sie es mit (warmem) Wasser unter Druck entfernen.<\/p>\n<p>Verbrauch 5 Liter f\u00fcr ca. 25-30 m\u00b2.<\/p>\n","protected":false},"excerpt":{"rendered":"<p>Verl\u00e4ngerte Reaktionszeit, um mehrere Graffiti-Schichten zu entfernen<\/p>\n","protected":false},"featured_media":1204,"template":"","meta":[],"product_brand":[],"product_cat":[115,133],"product_tag":[],"class_list":{"0":"post-1733","1":"product","2":"type-product","3":"status-publish","4":"has-post-thumbnail","6":"product_cat-grafitti-entferners","7":"product_cat-alle-gratch-produkte","9":"first","10":"instock","11":"taxable","12":"shipping-taxable","13":"purchasable","14":"product-type-simple"},"aioseo_notices":[],"_links":{"self":[{"href":"https:\/\/www.gratch.com\/graffitiremovers\/wp-json\/wp\/v2\/product\/1733","targetHints":{"allow":["GET"]}}],"collection":[{"href":"https:\/\/www.gratch.com\/graffitiremovers\/wp-json\/wp\/v2\/product"}],"about":[{"href":"https:\/\/www.gratch.com\/graffitiremovers\/wp-json\/wp\/v2\/types\/product"}],"wp:featuredmedia":[{"embeddable":true,"href":"https:\/\/www.gratch.com\/graffitiremovers\/wp-json\/wp\/v2\/media\/1204"}],"wp:attachment":[{"href":"https:\/\/www.gratch.com\/graffitiremovers\/wp-json\/wp\/v2\/media?parent=1733"}],"wp:term":[{"taxonomy":"product_brand","embeddable":true,"href":"https:\/\/www.gratch.com\/graffitiremovers\/wp-json\/wp\/v2\/product_brand?post=1733"},{"taxonomy":"product_cat","embeddable":true,"href":"https:\/\/www.gratch.com\/graffitiremovers\/wp-json\/wp\/v2\/product_cat?post=1733"},{"taxonomy":"product_tag","embeddable":true,"href":"https:\/\/www.gratch.com\/graffitiremovers\/wp-json\/wp\/v2\/product_tag?post=1733"}],"curies":[{"name":"wp","href":"https:\/\/api.w.org\/{rel}","templated":true}]}}