{"id":1739,"date":"2021-05-31T15:03:21","date_gmt":"2021-05-31T13:03:21","guid":{"rendered":"https:\/\/www.gratch.com\/graffitiremovers\/?post_type=product&#038;p=1739"},"modified":"2026-03-31T11:31:15","modified_gmt":"2026-03-31T09:31:15","slug":"enovio-poly-agua-hybride-aghybrid-anti-graffiti-beschichtung","status":"publish","type":"product","link":"https:\/\/www.gratch.com\/graffitiremovers\/de\/product\/enovio-poly-agua-hybride-aghybrid-anti-graffiti-beschichtung\/","title":{"rendered":"Enovio Poly-Agua Hybrid AG Beschichtung verschiedene Verpackungen erh\u00e4ltlich"},"content":{"rendered":"<p><strong>Preis auf Anfrage:<\/strong><\/p>\n<p>Ein dauerhaftes System wobei Graffiti-entfernung fast unbeschr\u00e4nkt m\u00f6glich ist. Die Beschichtungen sind umweltschonend, da sie frei von aromatischen Kohlenwasserstoffen sind. Die Basis unserer PermanentSysteme sind resistente Polyurethane, die als Sperrschichten wirken. Die Beschichtungen sind erh\u00e4ltlich als Klarlack oder Buntlack in allen Farbt\u00f6nen und Glanzgraden.<\/p>\n<p>Wasserbasierte 2-Komponenten-Acryl-Polyurethan-pigmentierte oder farblose Anti-Graffiti-Beschichtung (Schutzschicht). Anti-Graffiti-Beschichtung (Lack oder Firnis) f\u00fcr den Einsatz auf Kunststoff-, Metall- und mineralischen Oberfl\u00e4chen im Innen- und Aussenbereich.<\/p>\n<p>&#8211; Ausgezeichnete Haftung auf den g\u00e4ngigsten (mineralischen) Untergr\u00fcnden wie Beton, Blaustein, Naturstein, Granit, Natur- oder Verbundsteinen usw.<br \/>\n&#8211; Sehr gute Best\u00e4ndigkeit gegen chemische Produkte, Luftverschmutzung und Einfl\u00fcsse wie saurer Regen, Salze und Erosion<br \/>\n&#8211; Best\u00e4ndig gegen Reinigung mit L\u00f6sungsmitteln, aggressiven Reinigungsmitteln, Hochdruckwasser und Dampf<br \/>\n&#8211; Best\u00e4ndig gegen Verschmutzung, Urin, Russ, Moos usw.<br \/>\n&#8211; Best\u00e4ndig gegen Karbonisierung, Diffusion CO\u00b2 und SO\u00b2<br \/>\n&#8211; Best\u00e4ndig gegen UV-Strahlen, nicht vergilbend bei gleichzeitigem Glanz, nicht pulverisierend<br \/>\n&#8211; Hohe Abriebfestigkeit, resistent gegen Kratzer, St\u00f6sse und normalen Gebrauch<br \/>\n&#8211; Best\u00e4ndig gegen verschiedene Arten von Graffiti, einschliesslich Farbe, Marker, Kleber usw.<br \/>\n&#8211; Best\u00e4ndig gegen Verseifung<br \/>\n&#8211; Gutes Verh\u00e4ltnis zwischen H\u00e4rte und Flexibilit\u00e4t<br \/>\n&#8211; NRoSH-konform<br \/>\n&#8211; Anti-Pilz<\/p>\n<p>Gratch Enovio ist eine komplette Linie von Anti-Graffiti-Beschichtungen. Wasser- oder l\u00f6sungsmittelbasiert und in allen Farben und Glanzgraden erh\u00e4ltlich. Spezielle Formeln f\u00fcr verschiedene Oberfl\u00e4chen garantieren eine hohe Qualit\u00e4t. Die Entfernung kann ohne Einschr\u00e4nkungen durchgef\u00fchrt werden. Die Beschichtungen werden f\u00fcr jeden Auftrag in der richtigen Farbe oder dem richtigen Glanz ma\u00dfgeschneidert. Wir k\u00f6nnen Sie richtig beraten! Bitte kontaktieren Sie uns: <a href=\"mailto:info@gratch.com\" target=\"_blank\" rel=\"noopener\">info@gratch.com<\/a> oder Telefon +31 77 465 10 95.<\/p>\n","protected":false},"excerpt":{"rendered":"<p><strong>Preis auf Anfrage:<\/strong> Anti-Graffiti-Beschichtung auf Kunststoff-, Metall- und mineralischen Oberfl\u00e4chen im Innen- und Aussenbereich<\/p>\n","protected":false},"featured_media":1222,"template":"","meta":[],"product_brand":[],"product_cat":[119,133],"product_tag":[],"class_list":{"0":"post-1739","1":"product","2":"type-product","3":"status-publish","4":"has-post-thumbnail","6":"product_cat-anti-graffiti-beschichtungen","7":"product_cat-alle-gratch-produkte","9":"first","10":"instock","11":"taxable","12":"shipping-taxable","13":"product-type-simple"},"aioseo_notices":[],"_links":{"self":[{"href":"https:\/\/www.gratch.com\/graffitiremovers\/wp-json\/wp\/v2\/product\/1739","targetHints":{"allow":["GET"]}}],"collection":[{"href":"https:\/\/www.gratch.com\/graffitiremovers\/wp-json\/wp\/v2\/product"}],"about":[{"href":"https:\/\/www.gratch.com\/graffitiremovers\/wp-json\/wp\/v2\/types\/product"}],"wp:featuredmedia":[{"embeddable":true,"href":"https:\/\/www.gratch.com\/graffitiremovers\/wp-json\/wp\/v2\/media\/1222"}],"wp:attachment":[{"href":"https:\/\/www.gratch.com\/graffitiremovers\/wp-json\/wp\/v2\/media?parent=1739"}],"wp:term":[{"taxonomy":"product_brand","embeddable":true,"href":"https:\/\/www.gratch.com\/graffitiremovers\/wp-json\/wp\/v2\/product_brand?post=1739"},{"taxonomy":"product_cat","embeddable":true,"href":"https:\/\/www.gratch.com\/graffitiremovers\/wp-json\/wp\/v2\/product_cat?post=1739"},{"taxonomy":"product_tag","embeddable":true,"href":"https:\/\/www.gratch.com\/graffitiremovers\/wp-json\/wp\/v2\/product_tag?post=1739"}],"curies":[{"name":"wp","href":"https:\/\/api.w.org\/{rel}","templated":true}]}}