{"id":1752,"date":"2021-05-31T15:37:09","date_gmt":"2021-05-31T13:37:09","guid":{"rendered":"https:\/\/www.gratch.com\/graffitiremovers\/?post_type=product&#038;p=1752"},"modified":"2026-03-31T11:45:19","modified_gmt":"2026-03-31T09:45:19","slug":"gratch-anti-spinne","status":"publish","type":"product","link":"https:\/\/www.gratch.com\/graffitiremovers\/de\/product\/gratch-anti-spinne\/","title":{"rendered":"Gratch Anti-Spinne 1 L"},"content":{"rendered":"<p>Bei der Behandlung mit Gratch Anti-Spin wird eine vollst\u00e4ndig transparente Konservierungsschicht aufgetragen, auf der das Spinnennetz nicht haften kann. Damit werden die behandelten Pl\u00e4tze f\u00fcr Spinnen uninteressant, um sich einen anderen Nistplatz zu suchen.<\/p>\n<p>Dar\u00fcber hinaus sorgt die nat\u00fcrliche Konservierungsschicht daf\u00fcr, dass die Verschmutzung durch Spinnen, L\u00e4use, Fliegen, M\u00fccken, Wespen, Weisse Fliege, Wanzen, Thripse und Spinnmilben abgewehrt wird, sodass die behandelte Oberfl\u00e4che lange sauber bleibt. Gratch Anti-Spinne ist je nach Wetterbedingungen und Spinnen- oder Insektenpopulationen bis zu 6 Monate wirksam. Durch die zweimalige Behandlung der Aufenthaltsorte der Insekten im Jahr wird die Bel\u00e4stigung auf ein absolutes Minimum reduziert.<\/p>\n<p>Gratch Anti-Spinne ist ein Naturprodukt auf Basis spezieller Algen- und Kr\u00e4uterextrakte. Dies hat sofortige Wirkung. Als zweite Komponente enth\u00e4lt es eine Membran auf Basis von \u00e4therischem \u00d6l und Enzymen f\u00fcr eine langanhaltende Wirkung. Die Konzentration enth\u00e4lt ein \u201eBakteriengemisch\u201c von mehr als 1,8 Milliarden\/ml. Die neue Bakterienmischung ist auf den Abbau organischer Schadstoffe zugeschnitten.<\/p>\n","protected":false},"excerpt":{"rendered":"<p>Eine Konservierungsschicht macht das Anbringen von Spinnweben unm\u00f6glich<\/p>\n","protected":false},"featured_media":1215,"template":"","meta":[],"product_brand":[],"product_cat":[123,133],"product_tag":[],"class_list":{"0":"post-1752","1":"product","2":"type-product","3":"status-publish","4":"has-post-thumbnail","6":"product_cat-spezielle-reiniger","7":"product_cat-alle-gratch-produkte","9":"first","10":"instock","11":"taxable","12":"shipping-taxable","13":"purchasable","14":"product-type-simple"},"aioseo_notices":[],"_links":{"self":[{"href":"https:\/\/www.gratch.com\/graffitiremovers\/wp-json\/wp\/v2\/product\/1752","targetHints":{"allow":["GET"]}}],"collection":[{"href":"https:\/\/www.gratch.com\/graffitiremovers\/wp-json\/wp\/v2\/product"}],"about":[{"href":"https:\/\/www.gratch.com\/graffitiremovers\/wp-json\/wp\/v2\/types\/product"}],"wp:featuredmedia":[{"embeddable":true,"href":"https:\/\/www.gratch.com\/graffitiremovers\/wp-json\/wp\/v2\/media\/1215"}],"wp:attachment":[{"href":"https:\/\/www.gratch.com\/graffitiremovers\/wp-json\/wp\/v2\/media?parent=1752"}],"wp:term":[{"taxonomy":"product_brand","embeddable":true,"href":"https:\/\/www.gratch.com\/graffitiremovers\/wp-json\/wp\/v2\/product_brand?post=1752"},{"taxonomy":"product_cat","embeddable":true,"href":"https:\/\/www.gratch.com\/graffitiremovers\/wp-json\/wp\/v2\/product_cat?post=1752"},{"taxonomy":"product_tag","embeddable":true,"href":"https:\/\/www.gratch.com\/graffitiremovers\/wp-json\/wp\/v2\/product_tag?post=1752"}],"curies":[{"name":"wp","href":"https:\/\/api.w.org\/{rel}","templated":true}]}}