{"id":1759,"date":"2021-06-08T10:03:53","date_gmt":"2021-06-08T08:03:53","guid":{"rendered":"https:\/\/www.gratch.com\/graffitiremovers\/?post_type=product&#038;p=1759"},"modified":"2026-03-31T11:23:52","modified_gmt":"2026-03-31T09:23:52","slug":"buerste-sra","status":"publish","type":"product","link":"https:\/\/www.gratch.com\/graffitiremovers\/de\/product\/buerste-sra\/","title":{"rendered":"B\u00fcrste SRA"},"content":{"rendered":"<p>B\u00fcrste speziell f\u00fcr die Anwendung von Gratch SRA Schatten-Entferner. Kann auch zum Auftragen des Gratch Ultra Gels oder CSV-2 verwendet werden.<\/p>\n","protected":false},"excerpt":{"rendered":"<p>Haarb\u00fcrste speziell f\u00fcr die Anwendung von Gratch SRA Schatten-Entferner, Gratch Ultra Gel und CSV-2<\/p>\n","protected":false},"featured_media":1581,"template":"","meta":[],"product_brand":[],"product_cat":[123,133],"product_tag":[],"class_list":{"0":"post-1759","1":"product","2":"type-product","3":"status-publish","4":"has-post-thumbnail","6":"product_cat-spezielle-reiniger","7":"product_cat-alle-gratch-produkte","9":"first","10":"instock","11":"taxable","12":"shipping-taxable","13":"purchasable","14":"product-type-simple"},"aioseo_notices":[],"_links":{"self":[{"href":"https:\/\/www.gratch.com\/graffitiremovers\/wp-json\/wp\/v2\/product\/1759","targetHints":{"allow":["GET"]}}],"collection":[{"href":"https:\/\/www.gratch.com\/graffitiremovers\/wp-json\/wp\/v2\/product"}],"about":[{"href":"https:\/\/www.gratch.com\/graffitiremovers\/wp-json\/wp\/v2\/types\/product"}],"wp:featuredmedia":[{"embeddable":true,"href":"https:\/\/www.gratch.com\/graffitiremovers\/wp-json\/wp\/v2\/media\/1581"}],"wp:attachment":[{"href":"https:\/\/www.gratch.com\/graffitiremovers\/wp-json\/wp\/v2\/media?parent=1759"}],"wp:term":[{"taxonomy":"product_brand","embeddable":true,"href":"https:\/\/www.gratch.com\/graffitiremovers\/wp-json\/wp\/v2\/product_brand?post=1759"},{"taxonomy":"product_cat","embeddable":true,"href":"https:\/\/www.gratch.com\/graffitiremovers\/wp-json\/wp\/v2\/product_cat?post=1759"},{"taxonomy":"product_tag","embeddable":true,"href":"https:\/\/www.gratch.com\/graffitiremovers\/wp-json\/wp\/v2\/product_tag?post=1759"}],"curies":[{"name":"wp","href":"https:\/\/api.w.org\/{rel}","templated":true}]}}