{"id":2027,"date":"2021-07-29T20:05:11","date_gmt":"2021-07-29T18:05:11","guid":{"rendered":"https:\/\/www.gratch.com\/graffitiremovers\/?post_type=product&#038;p=2027"},"modified":"2024-06-27T12:06:31","modified_gmt":"2024-06-27T10:06:31","slug":"gratch-graffiti-entferner","status":"publish","type":"product","link":"https:\/\/www.gratch.com\/graffitiremovers\/de\/product\/gratch-graffiti-entferner\/","title":{"rendered":"Gratch Graffiti-Entferner 1 &#8211; 12 L"},"content":{"rendered":"<p>Macht es m\u00f6glich, Graffitis von nahezu jedem Untergrund zu entfernen ohne diesen anzugreifen. Biologisch abbaubar und ungiftig. Die schnelle (Nass-in-Nass) Verarbeitung, der geringe Verbrauch und das Ergebnis sind einzigartig. Einnebeln, ein paar Minuten einwirken lassen und dann mit warmem Wasser unter Druck abspritzen, das ist der ganze Vorgang.<\/p>\n<p>Mit Gratch Graffiti-Entferner k\u00f6nnen verschiedene Oberfl\u00e4chen wie Ziegel, Beton, Holz und sogar Natursteinarten wie Mergelstein und Marmor von Graffiti befreit werden. Aber auch Z\u00fcge, Busse, Stromk\u00e4sten und Briefk\u00e4sten lassen sich problemlos reinigen.<\/p>\n<p>Verbrauch 1 Liter f\u00fcr ca. 4-7 m\u00b2.<\/p>\n","protected":false},"excerpt":{"rendered":"<p>Zum Entfernen von Graffiti auf fast jeder Oberfl\u00e4che<\/p>\n","protected":false},"featured_media":1201,"template":"","meta":[],"product_brand":[],"product_cat":[115,133],"product_tag":[],"class_list":{"0":"post-2027","1":"product","2":"type-product","3":"status-publish","4":"has-post-thumbnail","6":"product_cat-grafitti-entferners","7":"product_cat-alle-gratch-produkte","9":"first","10":"instock","11":"taxable","12":"shipping-taxable","13":"purchasable","14":"product-type-variable"},"aioseo_notices":[],"_links":{"self":[{"href":"https:\/\/www.gratch.com\/graffitiremovers\/wp-json\/wp\/v2\/product\/2027","targetHints":{"allow":["GET"]}}],"collection":[{"href":"https:\/\/www.gratch.com\/graffitiremovers\/wp-json\/wp\/v2\/product"}],"about":[{"href":"https:\/\/www.gratch.com\/graffitiremovers\/wp-json\/wp\/v2\/types\/product"}],"wp:featuredmedia":[{"embeddable":true,"href":"https:\/\/www.gratch.com\/graffitiremovers\/wp-json\/wp\/v2\/media\/1201"}],"wp:attachment":[{"href":"https:\/\/www.gratch.com\/graffitiremovers\/wp-json\/wp\/v2\/media?parent=2027"}],"wp:term":[{"taxonomy":"product_brand","embeddable":true,"href":"https:\/\/www.gratch.com\/graffitiremovers\/wp-json\/wp\/v2\/product_brand?post=2027"},{"taxonomy":"product_cat","embeddable":true,"href":"https:\/\/www.gratch.com\/graffitiremovers\/wp-json\/wp\/v2\/product_cat?post=2027"},{"taxonomy":"product_tag","embeddable":true,"href":"https:\/\/www.gratch.com\/graffitiremovers\/wp-json\/wp\/v2\/product_tag?post=2027"}],"curies":[{"name":"wp","href":"https:\/\/api.w.org\/{rel}","templated":true}]}}