{"id":2067,"date":"2021-07-29T21:02:31","date_gmt":"2021-07-29T19:02:31","guid":{"rendered":"https:\/\/www.gratch.com\/graffitiremovers\/?post_type=product&#038;p=2067"},"modified":"2026-03-03T15:46:36","modified_gmt":"2026-03-03T14:46:36","slug":"doodlebug-handpad-gruen","status":"publish","type":"product","link":"https:\/\/www.gratch.com\/graffitiremovers\/de\/product\/doodlebug-handpad-gruen\/","title":{"rendered":"Doodlebug Handpad Gr\u00fcn"},"content":{"rendered":"<p>Gr\u00fcnes abrasives Handpad speziell f\u00fcr die Verwendung mit Gratch Graffiti Entferner.<\/p>\n<p>Gr\u00f6sse Handpad: 115 x 250 mm.<\/p>\n","protected":false},"excerpt":{"rendered":"<p>Gr\u00fcnes abrasives Handpad speziell f\u00fcr die Verwendung mit Gratch Graffiti Entferner<\/p>\n","protected":false},"featured_media":1583,"template":"","meta":[],"product_brand":[],"product_cat":[127,133],"product_tag":[],"class_list":{"0":"post-2067","1":"product","2":"type-product","3":"status-publish","4":"has-post-thumbnail","6":"product_cat-zubehoer","7":"product_cat-alle-gratch-produkte","9":"first","10":"instock","11":"taxable","12":"shipping-taxable","13":"purchasable","14":"product-type-variable"},"aioseo_notices":[],"_links":{"self":[{"href":"https:\/\/www.gratch.com\/graffitiremovers\/wp-json\/wp\/v2\/product\/2067","targetHints":{"allow":["GET"]}}],"collection":[{"href":"https:\/\/www.gratch.com\/graffitiremovers\/wp-json\/wp\/v2\/product"}],"about":[{"href":"https:\/\/www.gratch.com\/graffitiremovers\/wp-json\/wp\/v2\/types\/product"}],"wp:featuredmedia":[{"embeddable":true,"href":"https:\/\/www.gratch.com\/graffitiremovers\/wp-json\/wp\/v2\/media\/1583"}],"wp:attachment":[{"href":"https:\/\/www.gratch.com\/graffitiremovers\/wp-json\/wp\/v2\/media?parent=2067"}],"wp:term":[{"taxonomy":"product_brand","embeddable":true,"href":"https:\/\/www.gratch.com\/graffitiremovers\/wp-json\/wp\/v2\/product_brand?post=2067"},{"taxonomy":"product_cat","embeddable":true,"href":"https:\/\/www.gratch.com\/graffitiremovers\/wp-json\/wp\/v2\/product_cat?post=2067"},{"taxonomy":"product_tag","embeddable":true,"href":"https:\/\/www.gratch.com\/graffitiremovers\/wp-json\/wp\/v2\/product_tag?post=2067"}],"curies":[{"name":"wp","href":"https:\/\/api.w.org\/{rel}","templated":true}]}}