{"id":1556,"date":"2021-05-17T12:07:32","date_gmt":"2021-05-17T10:07:32","guid":{"rendered":"https:\/\/www.gratch.com\/liquifoil\/?post_type=product&#038;p=1556"},"modified":"2026-03-06T16:18:53","modified_gmt":"2026-03-06T15:18:53","slug":"wagner-pro-spray-3-20-de","status":"publish","type":"product","link":"https:\/\/www.gratch.com\/liquifoil\/de\/product\/wagner-pro-spray-3-20-de\/","title":{"rendered":"Wagner Pro Spray 3.20"},"content":{"rendered":"<p>Die Wagner ProSpray 3.20 ist eine bew\u00e4hrte Kolbenpumpe, die Wagner-Profis als Einstieg in die Airless-Spritztechnik anbieten. Effizient und professionell.<\/p>\n<p>Das Airless-Einstiegsger\u00e4t ProSpray 3.20 ist Teil der robusten ProSpray-Ger\u00e4tefamilie. Die bew\u00e4hrte Kolbenpumpentechnologie zeichnet sich durch eine ideale Materialversorgung und geringen Verschlei\u00df aus. Das kompakte Design des PS 3.20 sorgt f\u00fcr eine hervorragende Anwendung ohne Erm\u00fcdung auf der Baustelle. Diese Maschine ist ideal zum Spr\u00fchen aller Arten von LiquiFoil.<\/p>\n","protected":false},"excerpt":{"rendered":"<p>Bew\u00e4hrte Kolbenpumpe f\u00fcr Airless-Spritztechnik<\/p>\n","protected":false},"featured_media":1472,"template":"","meta":[],"product_brand":[],"product_cat":[97,101],"product_tag":[],"class_list":{"0":"post-1556","1":"product","2":"type-product","3":"status-publish","4":"has-post-thumbnail","6":"product_cat-zubehoer","7":"product_cat-alle-liquifoil-produkte","9":"first","10":"instock","11":"sale","12":"taxable","13":"shipping-taxable","14":"purchasable","15":"product-type-simple"},"aioseo_notices":[],"_links":{"self":[{"href":"https:\/\/www.gratch.com\/liquifoil\/wp-json\/wp\/v2\/product\/1556","targetHints":{"allow":["GET"]}}],"collection":[{"href":"https:\/\/www.gratch.com\/liquifoil\/wp-json\/wp\/v2\/product"}],"about":[{"href":"https:\/\/www.gratch.com\/liquifoil\/wp-json\/wp\/v2\/types\/product"}],"wp:featuredmedia":[{"embeddable":true,"href":"https:\/\/www.gratch.com\/liquifoil\/wp-json\/wp\/v2\/media\/1472"}],"wp:attachment":[{"href":"https:\/\/www.gratch.com\/liquifoil\/wp-json\/wp\/v2\/media?parent=1556"}],"wp:term":[{"taxonomy":"product_brand","embeddable":true,"href":"https:\/\/www.gratch.com\/liquifoil\/wp-json\/wp\/v2\/product_brand?post=1556"},{"taxonomy":"product_cat","embeddable":true,"href":"https:\/\/www.gratch.com\/liquifoil\/wp-json\/wp\/v2\/product_cat?post=1556"},{"taxonomy":"product_tag","embeddable":true,"href":"https:\/\/www.gratch.com\/liquifoil\/wp-json\/wp\/v2\/product_tag?post=1556"}],"curies":[{"name":"wp","href":"https:\/\/api.w.org\/{rel}","templated":true}]}}