{"id":2216,"date":"2026-03-03T16:14:08","date_gmt":"2026-03-03T15:14:08","guid":{"rendered":"https:\/\/www.gratch.com\/liquifoil\/?post_type=product&#038;p=2216"},"modified":"2026-03-09T12:47:24","modified_gmt":"2026-03-09T11:47:24","slug":"liquifoil-1-l-probe-schwarz","status":"publish","type":"product","link":"https:\/\/www.gratch.com\/liquifoil\/de\/product\/liquifoil-1-l-probe-schwarz\/","title":{"rendered":"LiquiFoil Schwarz (LF01-BL01) 1 L Probe"},"content":{"rendered":"<p>Fl\u00fcssige Folie f\u00fcr tempor\u00e4ren Schutz, Standard-Version LF01\u00a0<strong>SCHWARZ<\/strong>. Effizient im Einsatz, wenig Produktverschwendung. Wasserbasiert, ungiftig, nicht brennbar und kein chemischer Abfall.<\/p>\n<p><strong>1. Anwendung<\/strong><br \/>\nVerwenden Sie einen Polyamid Farbroller oder AirlessGer\u00e4t um LiquiFoil aufzutragen. Tragen Sie eine geeignete Schicht des Produkts auf und wenn n\u00f6tig \u00fcberpr\u00fcfen Sie die Schichtdicke mit einem Nassfilmmesskamm. Die Trocknungszeit ist, abh\u00e4ngig der Umgebungstemperatur, 30 bis 120 Minuten, und kann durch Einsatz eines Luftgebl\u00e4ses verk\u00fcrzt werden. Das trockene LiquiFoil ist semi-transparent, wo Tageslicht durchkommt aber das Einsehen beschr\u00e4nkt ist.<\/p>\n<p><strong>2. Schutz<\/strong><br \/>\nEinmal aufgetragen sch\u00fctzt LiquiFoil Glas und anderen nicht-por\u00f6sen Oberfl\u00e4chen gegen Schmutz, Farbe, Kratzer, Schwei\u00dfperlen, Zement und weitere Sch\u00e4den w\u00e4hrend Bau- oder Renovierungsprojekte, Transport oder Lagerung.<\/p>\n<p><strong>3. Abziehen<\/strong><br \/>\nWenn kein weiterer Schutz erforderlich ist, kann LiquiFoil leicht durch abziehen entfernt werden. Es hinterl\u00e4sst eine saubere, unbesch\u00e4digte Oberfl\u00e4che. Eine weitere Reinigung ist nicht erforderlich.<\/p>\n","protected":false},"excerpt":{"rendered":"<p>Standard-Version, Schwarz<\/p>\n","protected":false},"featured_media":2415,"template":"","meta":[],"product_brand":[],"product_cat":[84,101],"product_tag":[],"class_list":{"0":"post-2216","1":"product","2":"type-product","3":"status-publish","4":"has-post-thumbnail","6":"product_cat-liquifoil-de","7":"product_cat-alle-liquifoil-produkte","9":"first","10":"instock","11":"taxable","12":"shipping-taxable","13":"purchasable","14":"product-type-simple"},"aioseo_notices":[],"_links":{"self":[{"href":"https:\/\/www.gratch.com\/liquifoil\/wp-json\/wp\/v2\/product\/2216","targetHints":{"allow":["GET"]}}],"collection":[{"href":"https:\/\/www.gratch.com\/liquifoil\/wp-json\/wp\/v2\/product"}],"about":[{"href":"https:\/\/www.gratch.com\/liquifoil\/wp-json\/wp\/v2\/types\/product"}],"wp:featuredmedia":[{"embeddable":true,"href":"https:\/\/www.gratch.com\/liquifoil\/wp-json\/wp\/v2\/media\/2415"}],"wp:attachment":[{"href":"https:\/\/www.gratch.com\/liquifoil\/wp-json\/wp\/v2\/media?parent=2216"}],"wp:term":[{"taxonomy":"product_brand","embeddable":true,"href":"https:\/\/www.gratch.com\/liquifoil\/wp-json\/wp\/v2\/product_brand?post=2216"},{"taxonomy":"product_cat","embeddable":true,"href":"https:\/\/www.gratch.com\/liquifoil\/wp-json\/wp\/v2\/product_cat?post=2216"},{"taxonomy":"product_tag","embeddable":true,"href":"https:\/\/www.gratch.com\/liquifoil\/wp-json\/wp\/v2\/product_tag?post=2216"}],"curies":[{"name":"wp","href":"https:\/\/api.w.org\/{rel}","templated":true}]}}