{"id":1544,"date":"2021-03-22T11:26:07","date_gmt":"2021-03-22T10:26:07","guid":{"rendered":"https:\/\/www.gratch.com\/mightybrighty\/?page_id=1544"},"modified":"2023-05-25T13:12:09","modified_gmt":"2023-05-25T11:12:09","slug":"zubehoer","status":"publish","type":"page","link":"https:\/\/www.gratch.com\/mightybrighty\/de\/zubehoer\/","title":{"rendered":"Zubeh\u00f6r"},"content":{"rendered":"<div class=\"wpb-content-wrapper\"><p>[vc_row full_width=&#8221;stretch_row&#8221; content_placement=&#8221;middle&#8221; css=&#8221;.vc_custom_1614248933116{margin-top: 0px !important;padding-top: 30px !important;padding-bottom: 120px !important;background-color: #ffffff !important;}&#8221;][vc_column][vc_row_inner content_placement=&#8221;middle&#8221;][vc_column_inner][vc_column_text]<\/p>\n<h3 style=\"text-align: justify\">Mighty Brighty Zubeh\u00f6r<\/h3>\n<p style=\"text-align: justify\">Die Mighty Brighty MPW 10, MPW 225 und MPW 445 Pakete enth\u00e4lten nur die Farbe und kein Zubeh\u00f6r (wie kurzhaarige 2K-Rollen, Halterung, Klebeband) und keinen schwarzen Magnetrahmen wie in den MPW 20-Paket. Diese k\u00f6nnen in einem separaten Paket bestellt werden.<\/p>\n<p>[\/vc_column_text]<div class=\"woocommerce columns-4 \">\n<div class=\"products_wrapper mfn-woo-products isotope_wrapper default-woo-loop lm_wrapper\">\n\t<ul class=\"products  \">\n<li class=\"isotope-item align-center product type-product post-1737 status-publish first instock product_cat-zubehoer has-post-thumbnail taxable shipping-taxable purchasable product-type-simple\" >\n\n\t<div class=\"mfn-li-product-row mfn-li-product-row-image\"><div class=\"image_frame scale-with-grid product-loop-thumb\"><div class=\"image_wrapper \"><a href=\"https:\/\/www.gratch.com\/mightybrighty\/de\/product\/mpa-420-cleanschirmreiniger\/\" aria-label=\"MPA 420 Clean! Schirmreiniger\" tabindex=\"-1\"><div class=\"mask\"><\/div><img decoding=\"async\" width=\"800\" height=\"800\" src=\"https:\/\/www.gratch.com\/mightybrighty\/wp-content\/uploads\/sites\/8\/2021\/05\/MPA-420-Clean-Projection-Screen.png\" class=\"attachment-woocommerce_thumbnail size-woocommerce_thumbnail\" alt=\"MPA 420 Clean! Schirmreiniger\" srcset=\"https:\/\/www.gratch.com\/mightybrighty\/wp-content\/uploads\/sites\/8\/2021\/05\/MPA-420-Clean-Projection-Screen.png 800w, https:\/\/www.gratch.com\/mightybrighty\/wp-content\/uploads\/sites\/8\/2021\/05\/MPA-420-Clean-Projection-Screen-300x300.png 300w, https:\/\/www.gratch.com\/mightybrighty\/wp-content\/uploads\/sites\/8\/2021\/05\/MPA-420-Clean-Projection-Screen-150x150.png 150w, https:\/\/www.gratch.com\/mightybrighty\/wp-content\/uploads\/sites\/8\/2021\/05\/MPA-420-Clean-Projection-Screen-768x768.png 768w, https:\/\/www.gratch.com\/mightybrighty\/wp-content\/uploads\/sites\/8\/2021\/05\/MPA-420-Clean-Projection-Screen-75x75.png 75w, https:\/\/www.gratch.com\/mightybrighty\/wp-content\/uploads\/sites\/8\/2021\/05\/MPA-420-Clean-Projection-Screen-480x480.png 480w, https:\/\/www.gratch.com\/mightybrighty\/wp-content\/uploads\/sites\/8\/2021\/05\/MPA-420-Clean-Projection-Screen-64x64.png 64w\" sizes=\"(max-width:767px) 480px, (max-width:800px) 100vw, 800px\" \/><\/a><div class=\"image_links\"><a rel=\"nofollow\" tabindex=\"-1\" href=\"\/mightybrighty\/wp-json\/wp\/v2\/pages\/1544?add-to-cart=1737\" data-quantity=\"1\" data-product_id=\"1737\" class=\"add_to_cart_button ajax_add_to_cart product_type_simple\"><svg viewBox=\"0 0 26 26\"><defs><style>.path{fill:none;stroke:#333;stroke-miterlimit:10;stroke-width:1.5px;}<\/style><\/defs><polygon class=\"path\" points=\"20.4 20.4 5.6 20.4 6.83 10.53 19.17 10.53 20.4 20.4\"><\/polygon><path class=\"path\" d=\"M9.3,10.53V9.3a3.7,3.7,0,1,1,7.4,0v1.23\"><\/path><\/svg><\/a><a class=\"link\" tabindex=\"-1\" href=\"https:\/\/www.gratch.com\/mightybrighty\/de\/product\/mpa-420-cleanschirmreiniger\/\"><svg viewBox=\"0 0 26 26\"><defs><style>.path{fill:none;stroke:#333;stroke-miterlimit:10;stroke-width:1.5px;}<\/style><\/defs><g><path d=\"M10.17,8.76l2.12-2.12a5,5,0,0,1,7.07,0h0a5,5,0,0,1,0,7.07l-2.12,2.12\" class=\"path\"\/><path d=\"M15.83,17.24l-2.12,2.12a5,5,0,0,1-7.07,0h0a5,5,0,0,1,0-7.07l2.12-2.12\" class=\"path\"\/><line x1=\"10.17\" y1=\"15.83\" x2=\"15.83\" y2=\"10.17\" class=\"path\"\/><\/g><\/svg><\/a><\/div><\/div><a href=\"https:\/\/www.gratch.com\/mightybrighty\/de\/product\/mpa-420-cleanschirmreiniger\/\" aria-label=\"MPA 420 Clean! Schirmreiniger\" tabindex=\"-1\"><span class=\"product-loading-icon added-cart\"><\/span><\/a><\/div><\/div>\n\t<div class=\"desc\">\n\n\t\t\n\t\t<h4 class=\"mfn-woo-product-title\"><a href=\"https:\/\/www.gratch.com\/mightybrighty\/de\/product\/mpa-420-cleanschirmreiniger\/\">MPA 420 Clean! Schirmreiniger<\/a><\/h4>\n\t\t<div class=\"excerpt excerpt-1\"><p>Reiniger f\u00fcr alle sorten Projektionsschirme<\/p>\n<\/div>\n\t<span class=\"price\"><span class=\"woocommerce-Price-amount amount\"><bdi><span class=\"woocommerce-Price-currencySymbol\">&euro;<\/span>23,97<\/bdi><\/span> <small class=\"woocommerce-price-suffix\">excl BTW<\/small><\/span>\n<div class=\"mfn-li-product-row mfn-li-product-row-button show-button button-1\"><a href=\"\/mightybrighty\/wp-json\/wp\/v2\/pages\/1544?add-to-cart=1737\" aria-describedby=\"woocommerce_loop_add_to_cart_link_describedby_1737\" data-quantity=\"1\" class=\"button product_type_simple add_to_cart_button ajax_add_to_cart\" data-product_id=\"1737\" data-product_sku=\"MPA 420\" aria-label=\"Toevoegen aan winkelwagen: &ldquo;MPA 420 Clean! Schirmreiniger&ldquo;\" rel=\"nofollow\" data-success_message=\"&ldquo;MPA 420 Clean! Schirmreiniger&rdquo; is toegevoegd aan je winkelwagen\">In winkelmand<\/a>\t<span id=\"woocommerce_loop_add_to_cart_link_describedby_1737\" class=\"screen-reader-text\">\n\t\t\t<\/span>\n<\/div>\n\t<\/div>\n\n<\/li>\n<li class=\"isotope-item align-center product type-product post-1738 status-publish instock product_cat-zubehoer has-post-thumbnail taxable shipping-taxable purchasable product-type-simple\" >\n\n\t<div class=\"mfn-li-product-row mfn-li-product-row-image\"><div class=\"image_frame scale-with-grid product-loop-thumb\"><div class=\"image_wrapper \"><a href=\"https:\/\/www.gratch.com\/mightybrighty\/de\/product\/mpa-410-mighty-brighty-magnetrahmen-paket\/\" aria-label=\"MPA 410 Mighty Brighty Magnetrahmen Paket\" tabindex=\"-1\"><div class=\"mask\"><\/div><img decoding=\"async\" width=\"800\" height=\"800\" src=\"https:\/\/www.gratch.com\/mightybrighty\/wp-content\/uploads\/sites\/8\/2021\/03\/MPA-410-Magneborder-Kit-1024x1024.jpg\" class=\"attachment-woocommerce_thumbnail size-woocommerce_thumbnail\" alt=\"MPA 410 Magneborder Kit\" srcset=\"https:\/\/www.gratch.com\/mightybrighty\/wp-content\/uploads\/sites\/8\/2021\/03\/MPA-410-Magneborder-Kit-1024x1024.jpg 1024w, https:\/\/www.gratch.com\/mightybrighty\/wp-content\/uploads\/sites\/8\/2021\/03\/MPA-410-Magneborder-Kit-300x300.jpg 300w, https:\/\/www.gratch.com\/mightybrighty\/wp-content\/uploads\/sites\/8\/2021\/03\/MPA-410-Magneborder-Kit-150x150.jpg 150w, https:\/\/www.gratch.com\/mightybrighty\/wp-content\/uploads\/sites\/8\/2021\/03\/MPA-410-Magneborder-Kit-768x768.jpg 768w, https:\/\/www.gratch.com\/mightybrighty\/wp-content\/uploads\/sites\/8\/2021\/03\/MPA-410-Magneborder-Kit-146x146.jpg 146w, https:\/\/www.gratch.com\/mightybrighty\/wp-content\/uploads\/sites\/8\/2021\/03\/MPA-410-Magneborder-Kit-50x50.jpg 50w, https:\/\/www.gratch.com\/mightybrighty\/wp-content\/uploads\/sites\/8\/2021\/03\/MPA-410-Magneborder-Kit-75x75.jpg 75w, https:\/\/www.gratch.com\/mightybrighty\/wp-content\/uploads\/sites\/8\/2021\/03\/MPA-410-Magneborder-Kit-85x85.jpg 85w, https:\/\/www.gratch.com\/mightybrighty\/wp-content\/uploads\/sites\/8\/2021\/03\/MPA-410-Magneborder-Kit-80x80.jpg 80w, https:\/\/www.gratch.com\/mightybrighty\/wp-content\/uploads\/sites\/8\/2021\/03\/MPA-410-Magneborder-Kit-600x600.jpg 600w, https:\/\/www.gratch.com\/mightybrighty\/wp-content\/uploads\/sites\/8\/2021\/03\/MPA-410-Magneborder-Kit-64x64.jpg 64w, https:\/\/www.gratch.com\/mightybrighty\/wp-content\/uploads\/sites\/8\/2021\/03\/MPA-410-Magneborder-Kit.jpg 1483w\" sizes=\"(max-width:767px) 480px, (max-width:800px) 100vw, 800px\" \/><\/a><div class=\"image_links\"><a rel=\"nofollow\" tabindex=\"-1\" href=\"\/mightybrighty\/wp-json\/wp\/v2\/pages\/1544?add-to-cart=1738\" data-quantity=\"1\" data-product_id=\"1738\" class=\"add_to_cart_button ajax_add_to_cart product_type_simple\"><svg viewBox=\"0 0 26 26\"><defs><style>.path{fill:none;stroke:#333;stroke-miterlimit:10;stroke-width:1.5px;}<\/style><\/defs><polygon class=\"path\" points=\"20.4 20.4 5.6 20.4 6.83 10.53 19.17 10.53 20.4 20.4\"><\/polygon><path class=\"path\" d=\"M9.3,10.53V9.3a3.7,3.7,0,1,1,7.4,0v1.23\"><\/path><\/svg><\/a><a class=\"link\" tabindex=\"-1\" href=\"https:\/\/www.gratch.com\/mightybrighty\/de\/product\/mpa-410-mighty-brighty-magnetrahmen-paket\/\"><svg viewBox=\"0 0 26 26\"><defs><style>.path{fill:none;stroke:#333;stroke-miterlimit:10;stroke-width:1.5px;}<\/style><\/defs><g><path d=\"M10.17,8.76l2.12-2.12a5,5,0,0,1,7.07,0h0a5,5,0,0,1,0,7.07l-2.12,2.12\" class=\"path\"\/><path d=\"M15.83,17.24l-2.12,2.12a5,5,0,0,1-7.07,0h0a5,5,0,0,1,0-7.07l2.12-2.12\" class=\"path\"\/><line x1=\"10.17\" y1=\"15.83\" x2=\"15.83\" y2=\"10.17\" class=\"path\"\/><\/g><\/svg><\/a><\/div><\/div><a href=\"https:\/\/www.gratch.com\/mightybrighty\/de\/product\/mpa-410-mighty-brighty-magnetrahmen-paket\/\" aria-label=\"MPA 410 Mighty Brighty Magnetrahmen Paket\" tabindex=\"-1\"><span class=\"product-loading-icon added-cart\"><\/span><\/a><\/div><\/div>\n\t<div class=\"desc\">\n\n\t\t\n\t\t<h4 class=\"mfn-woo-product-title\"><a href=\"https:\/\/www.gratch.com\/mightybrighty\/de\/product\/mpa-410-mighty-brighty-magnetrahmen-paket\/\">MPA 410 Mighty Brighty Magnetrahmen Paket<\/a><\/h4>\n\t\t<div class=\"excerpt excerpt-1\"><p>Magnetrahmen Paket mit Magnetfarbe<\/p>\n<\/div>\n\t<span class=\"price\"><span class=\"woocommerce-Price-amount amount\"><bdi><span class=\"woocommerce-Price-currencySymbol\">&euro;<\/span>40,50<\/bdi><\/span> <small class=\"woocommerce-price-suffix\">excl BTW<\/small><\/span>\n<div class=\"mfn-li-product-row mfn-li-product-row-button show-button button-1\"><a href=\"\/mightybrighty\/wp-json\/wp\/v2\/pages\/1544?add-to-cart=1738\" aria-describedby=\"woocommerce_loop_add_to_cart_link_describedby_1738\" data-quantity=\"1\" class=\"button product_type_simple add_to_cart_button ajax_add_to_cart\" data-product_id=\"1738\" data-product_sku=\"MPA 410\" aria-label=\"Toevoegen aan winkelwagen: &ldquo;MPA 410 Mighty Brighty Magnetrahmen Paket&ldquo;\" rel=\"nofollow\" data-success_message=\"&ldquo;MPA 410 Mighty Brighty Magnetrahmen Paket&rdquo; is toegevoegd aan je winkelwagen\">In winkelmand<\/a>\t<span id=\"woocommerce_loop_add_to_cart_link_describedby_1738\" class=\"screen-reader-text\">\n\t\t\t<\/span>\n<\/div>\n\t<\/div>\n\n<\/li>\n<li class=\"isotope-item align-center product type-product post-1739 status-publish instock product_cat-zubehoer has-post-thumbnail taxable shipping-taxable purchasable product-type-simple\" >\n\n\t<div class=\"mfn-li-product-row mfn-li-product-row-image\"><div class=\"image_frame scale-with-grid product-loop-thumb\"><div class=\"image_wrapper \"><a href=\"https:\/\/www.gratch.com\/mightybrighty\/de\/product\/mpa-405-mighty-brighty-werkzeug\/\" aria-label=\"MPA 405 Mighty Brighty Werkzeug\" tabindex=\"-1\"><div class=\"mask\"><\/div><img decoding=\"async\" width=\"800\" height=\"800\" src=\"https:\/\/www.gratch.com\/mightybrighty\/wp-content\/uploads\/sites\/8\/2021\/03\/MPA-405-Tool-Kit-1024x1024.jpg\" class=\"attachment-woocommerce_thumbnail size-woocommerce_thumbnail\" alt=\"toolkit mighty brighty\" srcset=\"https:\/\/www.gratch.com\/mightybrighty\/wp-content\/uploads\/sites\/8\/2021\/03\/MPA-405-Tool-Kit-1024x1024.jpg 1024w, https:\/\/www.gratch.com\/mightybrighty\/wp-content\/uploads\/sites\/8\/2021\/03\/MPA-405-Tool-Kit-300x300.jpg 300w, https:\/\/www.gratch.com\/mightybrighty\/wp-content\/uploads\/sites\/8\/2021\/03\/MPA-405-Tool-Kit-150x150.jpg 150w, https:\/\/www.gratch.com\/mightybrighty\/wp-content\/uploads\/sites\/8\/2021\/03\/MPA-405-Tool-Kit-768x768.jpg 768w, https:\/\/www.gratch.com\/mightybrighty\/wp-content\/uploads\/sites\/8\/2021\/03\/MPA-405-Tool-Kit-146x146.jpg 146w, https:\/\/www.gratch.com\/mightybrighty\/wp-content\/uploads\/sites\/8\/2021\/03\/MPA-405-Tool-Kit-50x50.jpg 50w, https:\/\/www.gratch.com\/mightybrighty\/wp-content\/uploads\/sites\/8\/2021\/03\/MPA-405-Tool-Kit-75x75.jpg 75w, https:\/\/www.gratch.com\/mightybrighty\/wp-content\/uploads\/sites\/8\/2021\/03\/MPA-405-Tool-Kit-85x85.jpg 85w, https:\/\/www.gratch.com\/mightybrighty\/wp-content\/uploads\/sites\/8\/2021\/03\/MPA-405-Tool-Kit-80x80.jpg 80w, https:\/\/www.gratch.com\/mightybrighty\/wp-content\/uploads\/sites\/8\/2021\/03\/MPA-405-Tool-Kit-600x600.jpg 600w, https:\/\/www.gratch.com\/mightybrighty\/wp-content\/uploads\/sites\/8\/2021\/03\/MPA-405-Tool-Kit-64x64.jpg 64w, https:\/\/www.gratch.com\/mightybrighty\/wp-content\/uploads\/sites\/8\/2021\/03\/MPA-405-Tool-Kit.jpg 1259w\" sizes=\"(max-width:767px) 480px, (max-width:800px) 100vw, 800px\" \/><\/a><div class=\"image_links\"><a rel=\"nofollow\" tabindex=\"-1\" href=\"\/mightybrighty\/wp-json\/wp\/v2\/pages\/1544?add-to-cart=1739\" data-quantity=\"1\" data-product_id=\"1739\" class=\"add_to_cart_button ajax_add_to_cart product_type_simple\"><svg viewBox=\"0 0 26 26\"><defs><style>.path{fill:none;stroke:#333;stroke-miterlimit:10;stroke-width:1.5px;}<\/style><\/defs><polygon class=\"path\" points=\"20.4 20.4 5.6 20.4 6.83 10.53 19.17 10.53 20.4 20.4\"><\/polygon><path class=\"path\" d=\"M9.3,10.53V9.3a3.7,3.7,0,1,1,7.4,0v1.23\"><\/path><\/svg><\/a><a class=\"link\" tabindex=\"-1\" href=\"https:\/\/www.gratch.com\/mightybrighty\/de\/product\/mpa-405-mighty-brighty-werkzeug\/\"><svg viewBox=\"0 0 26 26\"><defs><style>.path{fill:none;stroke:#333;stroke-miterlimit:10;stroke-width:1.5px;}<\/style><\/defs><g><path d=\"M10.17,8.76l2.12-2.12a5,5,0,0,1,7.07,0h0a5,5,0,0,1,0,7.07l-2.12,2.12\" class=\"path\"\/><path d=\"M15.83,17.24l-2.12,2.12a5,5,0,0,1-7.07,0h0a5,5,0,0,1,0-7.07l2.12-2.12\" class=\"path\"\/><line x1=\"10.17\" y1=\"15.83\" x2=\"15.83\" y2=\"10.17\" class=\"path\"\/><\/g><\/svg><\/a><\/div><\/div><a href=\"https:\/\/www.gratch.com\/mightybrighty\/de\/product\/mpa-405-mighty-brighty-werkzeug\/\" aria-label=\"MPA 405 Mighty Brighty Werkzeug\" tabindex=\"-1\"><span class=\"product-loading-icon added-cart\"><\/span><\/a><\/div><\/div>\n\t<div class=\"desc\">\n\n\t\t\n\t\t<h4 class=\"mfn-woo-product-title\"><a href=\"https:\/\/www.gratch.com\/mightybrighty\/de\/product\/mpa-405-mighty-brighty-werkzeug\/\">MPA 405 Mighty Brighty Werkzeug<\/a><\/h4>\n\t\t<div class=\"excerpt excerpt-1\"><p>Paket mit alle zubeh\u00f6r f\u00fcr Mighty Brighty Projektionsschirm Farbe<\/p>\n<\/div>\n\t<span class=\"price\"><span class=\"woocommerce-Price-amount amount\"><bdi><span class=\"woocommerce-Price-currencySymbol\">&euro;<\/span>28,88<\/bdi><\/span> <small class=\"woocommerce-price-suffix\">excl BTW<\/small><\/span>\n<div class=\"mfn-li-product-row mfn-li-product-row-button show-button button-1\"><a href=\"\/mightybrighty\/wp-json\/wp\/v2\/pages\/1544?add-to-cart=1739\" aria-describedby=\"woocommerce_loop_add_to_cart_link_describedby_1739\" data-quantity=\"1\" class=\"button product_type_simple add_to_cart_button ajax_add_to_cart\" data-product_id=\"1739\" data-product_sku=\"MPA 405\" aria-label=\"Toevoegen aan winkelwagen: &ldquo;MPA 405 Mighty Brighty Werkzeug&ldquo;\" rel=\"nofollow\" data-success_message=\"&ldquo;MPA 405 Mighty Brighty Werkzeug&rdquo; is toegevoegd aan je winkelwagen\">In winkelmand<\/a>\t<span id=\"woocommerce_loop_add_to_cart_link_describedby_1739\" class=\"screen-reader-text\">\n\t\t\t<\/span>\n<\/div>\n\t<\/div>\n\n<\/li>\n\n\t<\/ul>\n<\/div><\/div>[\/vc_column_inner][\/vc_row_inner][\/vc_column][\/vc_row][vc_row full_width=&#8221;stretch_row_content&#8221; css=&#8221;.vc_custom_1663846547163{background-color: #d8d8d8 !important;}&#8221;][vc_column width=&#8221;1\/4&#8243;][\/vc_column][vc_column width=&#8221;1\/4&#8243;][vc_column_text]<\/p>\n<h3>WEITERE INFORMATIONEN ZU:<\/h3>\n<p><a href=\"https:\/\/www.gratch.com\/mightybrighty\/de\/zusaetzliche-information\/\">Was ist Mighty Brighty?<\/a><br \/>\n<a href=\"https:\/\/www.gratch.com\/mightybrighty\/de\/warum-projectionswandfarbe\/\">Warum Projectionswandfarbe?<\/a><br \/>\n<a href=\"https:\/\/www.gratch.com\/mightybrighty\/de\/wie-funktioniert-mighty-brighty\/\">Wie funktioniert es?<\/a>[\/vc_column_text][\/vc_column][vc_column width=&#8221;1\/4&#8243;][vc_btn title=&#8221;WEBSHOP&#8221; shape=&#8221;square&#8221; color=&#8221;primary&#8221; size=&#8221;lg&#8221; align=&#8221;left&#8221; link=&#8221;url:https%3A%2F%2Fwww.gratch.com%2Fmightybrighty%2Fde%2Fwebshop-de%2F&#8221;][\/vc_column][vc_column width=&#8221;1\/4&#8243;][\/vc_column][\/vc_row][vc_row][vc_column][\/vc_column][\/vc_row]<\/p>\n<\/div>","protected":false},"excerpt":{"rendered":"<p>[vc_row full_width=&#8221;stretch_row&#8221; content_placement=&#8221;middle&#8221; css=&#8221;.vc_custom_1614248933116{margin-top: 0px !important;padding-top: 30px !important;padding-bottom: 120px !important;background-color: #ffffff !important;}&#8221;][vc_column][vc_row_inner content_placement=&#8221;middle&#8221;][vc_column_inner][vc_column_text] Mighty Brighty Zubeh\u00f6r Die Mighty Brighty MPW 10, MPW 225 und MPW 445<span class=\"excerpt-hellip\"> [\u2026]<\/span><\/p>\n","protected":false},"author":1,"featured_media":0,"parent":0,"menu_order":0,"comment_status":"closed","ping_status":"closed","template":"","meta":{"footnotes":""},"class_list":["post-1544","page","type-page","status-publish","hentry"],"aioseo_notices":[],"_links":{"self":[{"href":"https:\/\/www.gratch.com\/mightybrighty\/wp-json\/wp\/v2\/pages\/1544","targetHints":{"allow":["GET"]}}],"collection":[{"href":"https:\/\/www.gratch.com\/mightybrighty\/wp-json\/wp\/v2\/pages"}],"about":[{"href":"https:\/\/www.gratch.com\/mightybrighty\/wp-json\/wp\/v2\/types\/page"}],"author":[{"embeddable":true,"href":"https:\/\/www.gratch.com\/mightybrighty\/wp-json\/wp\/v2\/users\/1"}],"replies":[{"embeddable":true,"href":"https:\/\/www.gratch.com\/mightybrighty\/wp-json\/wp\/v2\/comments?post=1544"}],"version-history":[{"count":10,"href":"https:\/\/www.gratch.com\/mightybrighty\/wp-json\/wp\/v2\/pages\/1544\/revisions"}],"predecessor-version":[{"id":2513,"href":"https:\/\/www.gratch.com\/mightybrighty\/wp-json\/wp\/v2\/pages\/1544\/revisions\/2513"}],"wp:attachment":[{"href":"https:\/\/www.gratch.com\/mightybrighty\/wp-json\/wp\/v2\/media?parent=1544"}],"curies":[{"name":"wp","href":"https:\/\/api.w.org\/{rel}","templated":true}]}}