{"id":1548,"date":"2021-03-22T11:26:58","date_gmt":"2021-03-22T10:26:58","guid":{"rendered":"https:\/\/www.gratch.com\/mightybrighty\/?page_id=1548"},"modified":"2022-09-22T14:43:45","modified_gmt":"2022-09-22T12:43:45","slug":"beamerlift-lift-de","status":"publish","type":"page","link":"https:\/\/www.gratch.com\/mightybrighty\/de\/beamerlift-lift-de\/","title":{"rendered":"Beamer Lift"},"content":{"rendered":"<div class=\"wpb-content-wrapper\"><p>[vc_row full_width=&#8221;stretch_row&#8221; content_placement=&#8221;middle&#8221; css=&#8221;.vc_custom_1614860953878{margin-top: 0px !important;padding-top: 30px !important;padding-bottom: 20px !important;background-color: #ffffff !important;}&#8221;][vc_column][vc_row_inner content_placement=&#8221;middle&#8221; css=&#8221;.vc_custom_1614861021540{margin-top: 0px !important;border-top-width: 0px !important;padding-top: 0px !important;}&#8221;][vc_column_inner width=&#8221;1\/4&#8243; css=&#8221;.vc_custom_1605108013378{margin-left: 0px !important;border-left-width: 0px !important;padding-left: 0px !important;}&#8221;][vc_single_image image=&#8221;1321&#8243; img_size=&#8221;full&#8221; onclick=&#8221;link_image&#8221;][\/vc_column_inner][vc_column_inner width=&#8221;3\/4&#8243;][vc_column_text]<\/p>\n<h3>Verstauen Sie Ihren Beamer in der Decke mit dem Mighty Brighty BeamerLift MPB 80<\/h3>\n<p style=\"text-align: justify\">Um Ihre Mighty Brighty Projektionswand noch mehr genie\u00dfen zu k\u00f6nnen, bieten wir einen Projektorlift an, der es erm\u00f6glicht, Ihren Beamer oder Projektor in der Decke zu verstauen wenn Sie es nicht benutzen.<\/p>\n<p style=\"text-align: left\">Dies verhindert das Eindringen von Staub in den Projektor, ist diebstahlsicher und sieht \u00e4sthetisch ansprechend aus. Der Lift ist motorbetrieben und wird mit einer Funkfernbedienung oder mit einem Wandschalter bedient.<\/p>\n<p style=\"text-align: left\">Aufgrund der begrenzten Bauh\u00f6he der Aufzugskonstruktion ist dieser Beamerlift in vielen Situationen einsetzbar. Es k\u00f6nnen sogar Modifikationen vorgenommen werden, sodass die ohnehin geringe Einbauh\u00f6he abgesenkt werden kann.<\/p>\n<p>[\/vc_column_text][\/vc_column_inner][\/vc_row_inner][\/vc_column][\/vc_row][vc_row full_width=&#8221;stretch_row&#8221; content_placement=&#8221;middle&#8221; css=&#8221;.vc_custom_1614860944397{margin-top: 0px !important;padding-top: 20px !important;padding-bottom: 20px !important;background-color: #ffffff !important;}&#8221;][vc_column][vc_row_inner content_placement=&#8221;middle&#8221;][vc_column_inner width=&#8221;2\/3&#8243;][vc_column_text]<\/p>\n<h3>Mighty Brighty BeamerLift MPB 80 HighLights<\/h3>\n<ul>\n<li>Elektronischer Scherenlift mit Synchronmotor<\/li>\n<li>Mit doppelseitiger Schere und Doppelrollband<\/li>\n<li>Leiser, raffinierter Betrieb und genaue Positionseinstellung<\/li>\n<li>Stilvolles und elegantes Design, nur in zusammengeklappter Position<br \/>\neine dekorative Bodenplatte sichtbar<\/li>\n<li>Die ausgeklappte Betriebsposition kann einfach eingestellt werden<\/li>\n<li>Steuerung: RF-Fernbedienung oder kabelgebundene Wandsteuerung<\/li>\n<li>Ideal f\u00fcr Heimkino, Theater, Konferenzraum, Besprechungsraum,<br \/>\nCaf\u00e9 oder B\u00fcro<\/li>\n<\/ul>\n<p>[\/vc_column_text][\/vc_column_inner][vc_column_inner width=&#8221;1\/3&#8243; css=&#8221;.vc_custom_1605108013378{margin-left: 0px !important;border-left-width: 0px !important;padding-left: 0px !important;}&#8221;][vc_single_image image=&#8221;1322&#8243; img_size=&#8221;full&#8221; onclick=&#8221;link_image&#8221;][\/vc_column_inner][\/vc_row_inner][\/vc_column][\/vc_row][vc_row full_width=&#8221;stretch_row&#8221; content_placement=&#8221;middle&#8221; css=&#8221;.vc_custom_1614861152293{margin-top: 0px !important;padding-top: 20px !important;padding-bottom: 120px !important;background-color: #ffffff !important;}&#8221;][vc_column][vc_row_inner][vc_column_inner][vc_column_text]<\/p>\n<h3>Mighty Brighty BeamerLift MPB80 productspecificaties<\/h3>\n<p>[\/vc_column_text][\/vc_column_inner][\/vc_row_inner][vc_row_inner content_placement=&#8221;middle&#8221;][vc_column_inner width=&#8221;1\/2&#8243;][vc_single_image image=&#8221;1323&#8243; img_size=&#8221;full&#8221; onclick=&#8221;link_image&#8221;][\/vc_column_inner][vc_column_inner width=&#8221;1\/2&#8243; css=&#8221;.vc_custom_1605108013378{margin-left: 0px !important;border-left-width: 0px !important;padding-left: 0px !important;}&#8221;][vc_single_image image=&#8221;1324&#8243; img_size=&#8221;full&#8221;][\/vc_column_inner][\/vc_row_inner][\/vc_column][\/vc_row][vc_row full_width=&#8221;stretch_row_content&#8221; css=&#8221;.vc_custom_1626181479606{margin-top: -70px !important;border-top-width: 0px !important;padding-top: 0px !important;padding-bottom: 100px !important;background-color: #ededed !important;}&#8221;][vc_column width=&#8221;1\/4&#8243;][\/vc_column][vc_column width=&#8221;1\/4&#8243;][vc_column_text]<\/p>\n<h3>WEITERE INFORMATIONEN ZU:<\/h3>\n<p><a href=\"https:\/\/www.gratch.com\/de\/bestellen-und-bezahlen\/\">Bestellen und bezahlen<\/a><br \/>\n<a href=\"https:\/\/www.gratch.com\/de\/versand-und-lieferung\/\">Versand und Lieferung<\/a><br \/>\n<a href=\"https:\/\/www.gratch.com\/de\/zuruecksenden\/\">Zur\u00fccksenden<\/a>[\/vc_column_text][\/vc_column][vc_column width=&#8221;1\/4&#8243;][vc_btn title=&#8221;BESUCHEN SIE DEN WEBSHOP&#8221; style=&#8221;custom&#8221; custom_background=&#8221;#51b1e5&#8243; custom_text=&#8221;#ffffff&#8221; shape=&#8221;square&#8221; size=&#8221;lg&#8221; align=&#8221;center&#8221; link=&#8221;url:https%3A%2F%2Fwww.gratch.com%2Fmightybrighty%2Fde%2Fproduct-categorie%2Fprojektorlift%2F|title:Webshop|target:_blank&#8221;][\/vc_column][vc_column width=&#8221;1\/4&#8243;][\/vc_column][\/vc_row]<\/p>\n<\/div>","protected":false},"excerpt":{"rendered":"<p>[vc_row full_width=&#8221;stretch_row&#8221; content_placement=&#8221;middle&#8221; css=&#8221;.vc_custom_1614860953878{margin-top: 0px !important;padding-top: 30px !important;padding-bottom: 20px !important;background-color: #ffffff !important;}&#8221;][vc_column][vc_row_inner content_placement=&#8221;middle&#8221; css=&#8221;.vc_custom_1614861021540{margin-top: 0px !important;border-top-width: 0px !important;padding-top: 0px !important;}&#8221;][vc_column_inner width=&#8221;1\/4&#8243; css=&#8221;.vc_custom_1605108013378{margin-left: 0px !important;border-left-width: 0px !important;padding-left:<span class=\"excerpt-hellip\"> [\u2026]<\/span><\/p>\n","protected":false},"author":1,"featured_media":0,"parent":0,"menu_order":0,"comment_status":"closed","ping_status":"closed","template":"","meta":{"footnotes":""},"class_list":["post-1548","page","type-page","status-publish","hentry"],"aioseo_notices":[],"_links":{"self":[{"href":"https:\/\/www.gratch.com\/mightybrighty\/wp-json\/wp\/v2\/pages\/1548","targetHints":{"allow":["GET"]}}],"collection":[{"href":"https:\/\/www.gratch.com\/mightybrighty\/wp-json\/wp\/v2\/pages"}],"about":[{"href":"https:\/\/www.gratch.com\/mightybrighty\/wp-json\/wp\/v2\/types\/page"}],"author":[{"embeddable":true,"href":"https:\/\/www.gratch.com\/mightybrighty\/wp-json\/wp\/v2\/users\/1"}],"replies":[{"embeddable":true,"href":"https:\/\/www.gratch.com\/mightybrighty\/wp-json\/wp\/v2\/comments?post=1548"}],"version-history":[{"count":10,"href":"https:\/\/www.gratch.com\/mightybrighty\/wp-json\/wp\/v2\/pages\/1548\/revisions"}],"predecessor-version":[{"id":2353,"href":"https:\/\/www.gratch.com\/mightybrighty\/wp-json\/wp\/v2\/pages\/1548\/revisions\/2353"}],"wp:attachment":[{"href":"https:\/\/www.gratch.com\/mightybrighty\/wp-json\/wp\/v2\/media?parent=1548"}],"curies":[{"name":"wp","href":"https:\/\/api.w.org\/{rel}","templated":true}]}}