{"id":1556,"date":"2021-03-22T11:28:52","date_gmt":"2021-03-22T10:28:52","guid":{"rendered":"https:\/\/www.gratch.com\/mightybrighty\/?page_id=1556"},"modified":"2023-10-06T15:34:13","modified_gmt":"2023-10-06T13:34:13","slug":"wie-funktioniert-mighty-brighty","status":"publish","type":"page","link":"https:\/\/www.gratch.com\/mightybrighty\/de\/wie-funktioniert-mighty-brighty\/","title":{"rendered":"Wie funktioniert es"},"content":{"rendered":"<div class=\"wpb-content-wrapper\"><p>[vc_row full_width=&#8221;stretch_row&#8221; content_placement=&#8221;middle&#8221; css=&#8221;.vc_custom_1614865816873{margin-top: 0px !important;padding-top: 30px !important;padding-bottom: 0px !important;background-color: #ffffff !important;}&#8221;][vc_column][vc_row_inner content_placement=&#8221;middle&#8221;][vc_column_inner css=&#8221;.vc_custom_1605108013378{margin-left: 0px !important;border-left-width: 0px !important;padding-left: 0px !important;}&#8221;][vc_column_text]<\/p>\n<h3>Wie funktioniert Mighty Brighty?<\/h3>\n<p style=\"text-align: justify\">Das Mighty Brighty Projektionsschirmfarbe Konzept besteht immer aus 2 Teilen. Dies sind in erster Linie die Base Farbe (BaseCoat), dies ist eine latex\u00e4hnliche Farbe, die immer einen grauen Farbton hat, um einen optimalen Kontrast zu erzielen. Zweitens besteht es aus dem Topcoat (einer transparenten Schicht) mit \u201eReflektoren\u201c, um das Bild so klar wie m\u00f6glich zu machen. Het <a href=\"https:\/\/www.gratch.com\/mightybrighty\/de\/product\/mpw-10-mighty-brighty-standard-schirm\/\" target=\"_blank\" rel=\"noopener\">MPW 105<\/a> Paket (5 m\u00b2) besteht aus 2 Teilen und ist einsatzbereit. Die <a title=\"Mighty Brighty MPW 225\" href=\"https:\/\/www.gratch.com\/mightybrighty\/de\/product\/mpw-225-mighty-brighty-standard-schirm-optimales-schirm\/\" target=\"_blank\" rel=\"noopener\">MPW 225<\/a> (25 m\u00b2) und <a href=\"https:\/\/www.gratch.com\/mightybrighty\/de\/product\/mpw-350-mighty-brighty-optimales-schirm\/\" target=\"_blank\" rel=\"noopener\">MPW 350<\/a> Pakete (50 m\u00b2) besteht aus 2 Teilen. Sie werden als Standardprojektionsw\u00e4nde geliefert, k\u00f6nnen aber auch auf ma\u00dfgeschneiderten Leinw\u00e4nden selbst gemischt werden.<\/p>\n<p style=\"text-align: justify\">Das Paket <a href=\"https:\/\/www.gratch.com\/mightybrighty\/de\/product\/mpw-20-optimales-schirm-mit-magnetrahmen\/\" target=\"_blank\" rel=\"noopener\">MPW 20<\/a> (6 m\u00b2) hat einen dritten teil im paket und das ist ein schwarzer rahmen. Dieser Rahmen ist mit einer magnetischen Farbe hergestellt, die unter die Grundfarbe aufgetragen wird. Wenn der Bildschirm fertig ist, kann der schwarze Rahmen mit dem angebrachten schwarzen Magnetband an der Wand angebracht werden.<\/p>\n<p style=\"text-align: justify\">Die Projektionsw\u00e4nde von Paketen <a href=\"https:\/\/www.gratch.com\/mightybrighty\/de\/product\/mpw-20-optimales-schirm-mit-magnetrahmen\/\" target=\"_blank\" rel=\"noopener\">MPW 20<\/a>, <a title=\"Mighty Brighty MPW 225\" href=\"https:\/\/www.gratch.com\/mightybrighty\/de\/product\/mpw-225-mighty-brighty-standard-schirm-optimales-schirm\/\" target=\"_blank\" rel=\"noopener\">MPW 225<\/a>\u00a0und <a href=\"https:\/\/www.gratch.com\/mightybrighty\/de\/product\/mpw-350-mighty-brighty-optimales-schirm\/\" target=\"_blank\" rel=\"noopener\">MPW 350<\/a> sind auf den Raum zugeschnitten, in dem die Leinwand verwendet wird. Anhand von 5 Fragen wird ermittelt, wie grau der Bildschirm wird und wie viele \u201eReflektoren\u201c im TopCoat gemischt werden sollen. <a href=\"https:\/\/www.gratch.com\/mightybrighty\/de\/welche-farbe-hat-die-projektionswand\/\" target=\"_blank\" rel=\"noopener\">Sehen Sie sich die Farbkarte an<\/a> um einen Hinweis zu bekommen, wie grau die Projektionswand wird.<\/p>\n<p>[\/vc_column_text][\/vc_column_inner][\/vc_row_inner][vc_row_inner][vc_column_inner width=&#8221;1\/3&#8243;][vc_column_text]<\/p>\n<h3>Schritt 1<\/h3>\n<p style=\"text-align: justify\"><strong>BaseCoat + ContrastBooster<\/strong><br \/>\nDie Grundlage f\u00fcr den Projektionsschirm ist die Grundbeschichtung (BaseCoat), die auch das Kontrastniveau bestimmt. Anhand einer einfach zu bedienenden Checkliste bestimmen Sie die richtige Menge des Kontrastmittels (ContrastBooster), das verwendet werden soll. Dieses Kontrast-mittel bestimmt den Grauwert der Grundbeschichtung. Mighty Brighty hat eine Reichweite von leicht grau bis ultra grau (hohe Kontrast)<\/p>\n<p>[\/vc_column_text][\/vc_column_inner][vc_column_inner width=&#8221;1\/3&#8243;][vc_column_text]<\/p>\n<h3>Schitt 2<\/h3>\n<p style=\"text-align: justify\"><strong>TopCoat + BrightnessBooster<\/strong><br \/>\nNachdem Sie die Grundbeschichtung (BaseCoat) angebracht haben, wird die Oberfl\u00e4chenbeschichtung (TopCoat) aufgetragen. Indem Sie die gleiche praktische Checkliste verwenden, bestimmen Sie die Menge des Helligkeits-verst\u00e4rkers, die den Helligkeitswert der Oberf\u00e4chenbeschichtung feststellt. Mighty Brighty bietet einen Optimierungswert von 0,9 bis 1,4 an. Die Dosierung ist abh\u00e4ngig von der Lichtmenge, die der Projektor ausstrahlt und von einigen anderen Kriterien.<\/p>\n<p>[\/vc_column_text][\/vc_column_inner][vc_column_inner width=&#8221;1\/3&#8243;][vc_column_text]<\/p>\n<h3>Schritt 3 (Option)<\/h3>\n<p style=\"text-align: justify\"><strong>MagneBorder<\/strong><br \/>\nEin Magnetband (MagneBorder) kann wunschgem\u00e4\u00df dazu erworben werden. Das Magnetband erh\u00f6ht in einem hohen Ma\u00dfe den Kontrast der Bilder auf dem Bildschirm. Eine Magnetfarbe muss vor dem Auftragen der Grundbeschichtung aufgetragen werden. Die Magnetb\u00e4nder k\u00f6nnen einfach an der Projektionsfl\u00e4che angebracht und entfernt werden. Wenn das Magnetband entfernt ist, ist nur eine Wand zu sehen.<\/p>\n<p>[\/vc_column_text][\/vc_column_inner][\/vc_row_inner][\/vc_column][\/vc_row]<\/p>\n<\/div>","protected":false},"excerpt":{"rendered":"<p>[vc_row full_width=&#8221;stretch_row&#8221; content_placement=&#8221;middle&#8221; css=&#8221;.vc_custom_1614865816873{margin-top: 0px !important;padding-top: 30px !important;padding-bottom: 0px !important;background-color: #ffffff !important;}&#8221;][vc_column][vc_row_inner content_placement=&#8221;middle&#8221;][vc_column_inner css=&#8221;.vc_custom_1605108013378{margin-left: 0px !important;border-left-width: 0px !important;padding-left: 0px !important;}&#8221;][vc_column_text] Wie funktioniert Mighty Brighty? Das Mighty<span class=\"excerpt-hellip\"> [\u2026]<\/span><\/p>\n","protected":false},"author":1,"featured_media":0,"parent":0,"menu_order":0,"comment_status":"closed","ping_status":"closed","template":"","meta":{"footnotes":""},"class_list":["post-1556","page","type-page","status-publish","hentry"],"aioseo_notices":[],"_links":{"self":[{"href":"https:\/\/www.gratch.com\/mightybrighty\/wp-json\/wp\/v2\/pages\/1556","targetHints":{"allow":["GET"]}}],"collection":[{"href":"https:\/\/www.gratch.com\/mightybrighty\/wp-json\/wp\/v2\/pages"}],"about":[{"href":"https:\/\/www.gratch.com\/mightybrighty\/wp-json\/wp\/v2\/types\/page"}],"author":[{"embeddable":true,"href":"https:\/\/www.gratch.com\/mightybrighty\/wp-json\/wp\/v2\/users\/1"}],"replies":[{"embeddable":true,"href":"https:\/\/www.gratch.com\/mightybrighty\/wp-json\/wp\/v2\/comments?post=1556"}],"version-history":[{"count":16,"href":"https:\/\/www.gratch.com\/mightybrighty\/wp-json\/wp\/v2\/pages\/1556\/revisions"}],"predecessor-version":[{"id":2570,"href":"https:\/\/www.gratch.com\/mightybrighty\/wp-json\/wp\/v2\/pages\/1556\/revisions\/2570"}],"wp:attachment":[{"href":"https:\/\/www.gratch.com\/mightybrighty\/wp-json\/wp\/v2\/media?parent=1556"}],"curies":[{"name":"wp","href":"https:\/\/api.w.org\/{rel}","templated":true}]}}