{"id":1568,"date":"2021-03-22T11:32:03","date_gmt":"2021-03-22T10:32:03","guid":{"rendered":"https:\/\/www.gratch.com\/mightybrighty\/?page_id=1568"},"modified":"2023-10-06T15:18:30","modified_gmt":"2023-10-06T13:18:30","slug":"zusaetzliche-information","status":"publish","type":"page","link":"https:\/\/www.gratch.com\/mightybrighty\/de\/zusaetzliche-information\/","title":{"rendered":"Zus\u00e4tzliche Information"},"content":{"rendered":"<div class=\"wpb-content-wrapper\"><p>[vc_row full_width=&#8221;stretch_row&#8221; content_placement=&#8221;middle&#8221; css=&#8221;.vc_custom_1614248933116{margin-top: 0px !important;padding-top: 30px !important;padding-bottom: 120px !important;background-color: #ffffff !important;}&#8221;][vc_column][vc_row_inner content_placement=&#8221;middle&#8221;][vc_column_inner][vc_column_text]<\/p>\n<h3 style=\"text-align: justify\">Was ist Mighty Brighty Projektionschirm Farbe<\/h3>\n<p style=\"text-align: justify\">Mighty Brighty ist ein neues und einmaliges Konzept, um eine perfekte Projektion auf einer Wand oder irgendeiner glatten Oberfl\u00e4che herstellen zu k\u00f6nnen. Sie brauchen die Wand nur zu bestreichen, dann k\u00f6nnen Sie sich hinsetzen und genie\u00dfen. Es muss dabei darauf geachtet werden, dass die richtige Gr\u00f6\u00dfe und das richtige Format flach und rechtwinklig aufgetragen werden. Es muss immer genau die richtige Schirmoberfl\u00e4che f\u00fcr Ihren Projektor oder Beamer gew\u00e4hlt werden. Beachtet werden m\u00fcssen auch die Intensit\u00e4t des Lichtes und die Position des Beamers oder Projektors in Ihrem Zimmer. Wenn Sie Beamer oder Projektor nicht benutzen, ist die Fl\u00e4che unsichtbar (<a href=\"https:\/\/www.gratch.com\/mightybrighty\/de\/product\/mpw-350-mighty-brighty-optimales-schirm\/\" target=\"_blank\" rel=\"noopener\">MPW 225<\/a> oder <a href=\"https:\/\/www.gratch.com\/mightybrighty\/de\/product\/mpw-350-mighty-brighty-optimales-schirm\/\" target=\"_blank\" rel=\"noopener\">MPW 350<\/a>).<\/p>\n<p>[\/vc_column_text][\/vc_column_inner][\/vc_row_inner][vc_row_inner][vc_column_inner width=&#8221;1\/2&#8243;][vc_column_text]<\/p>\n<h3>Machen Sie ganz einfach von Ihre Wand ein Projektionsschirm<\/h3>\n<p>1. Bestimmen Sie den Umfang<br \/>\n2. Farbe anbringen<br \/>\n3. Hinsetzen und genie\u00dfen.<\/p>\n<ul>\n<li style=\"list-style-type: none\">\n<ul>\n<li style=\"list-style-type: none\">\n<ul>\n<li style=\"list-style-type: none\">\n<ul>\n<li style=\"list-style-type: none\">\n<ul>\n<li style=\"list-style-type: none\">\n<ul>\n<li style=\"list-style-type: none\">\n<ul>[\/vc_column_text][\/vc_column_inner][vc_column_inner width=&#8221;1\/2&#8243;][vc_single_image image=&#8221;2383&#8243; img_size=&#8221;full&#8221; css=&#8221;.vc_custom_1663857994008{margin-bottom: 0px !important;border-bottom-width: 0px !important;padding-bottom: 0px !important;}&#8221;][\/vc_column_inner][\/vc_row_inner][vc_row_inner][vc_column_inner width=&#8221;1\/2&#8243;][vc_single_image image=&#8221;2384&#8243; img_size=&#8221;full&#8221; css=&#8221;.vc_custom_1663858018619{margin-top: 0px !important;border-top-width: 0px !important;padding-top: 0px !important;}&#8221;][\/vc_column_inner][vc_column_inner width=&#8221;1\/2&#8243;][vc_column_text]<\/ul>\n<\/li>\n<\/ul>\n<h3>Vorteile<\/h3>\n<p>* geeignet f\u00fcr jede Bildumfang, sogar komplette W\u00e4nde<br \/>\n* geeignet f\u00fcr jede Format (4:3, 16:9) usw.<br \/>\n* geeignet f\u00fcr jede Kontrast und Helligkeitniveau<br \/>\n* geeignet f\u00fcr jede Projektor, Projektorposition und Menge Licht im Raum<br \/>\n* hochwertige Resultate<br \/>\n* immer flach Schirm<br \/>\n* Unsichtbar, wenn Sie nicht verwendet werden[\/vc_column_text][\/vc_column_inner][\/vc_row_inner][\/vc_column][\/vc_row][vc_row][vc_column width=&#8221;1\/2&#8243;][vc_single_image image=&#8221;1255&#8243; img_size=&#8221;full&#8221; css=&#8221;.vc_custom_1614861812836{margin-bottom: 0px !important;border-bottom-width: 0px !important;padding-bottom: 0px !important;}&#8221;][\/vc_column][vc_column width=&#8221;1\/2&#8243;][vc_single_image image=&#8221;1256&#8243; img_size=&#8221;full&#8221; css=&#8221;.vc_custom_1614861821996{margin-top: 0px !important;border-top-width: 0px !important;padding-top: 0px !important;}&#8221;][\/vc_column][\/vc_row][vc_row full_width=&#8221;stretch_row_content&#8221; css=&#8221;.vc_custom_1663857883210{background-color: #e8e8e8 !important;}&#8221;][vc_column width=&#8221;1\/4&#8243;][\/vc_column][vc_column width=&#8221;1\/4&#8243;][vc_column_text]<\/p>\n<h3>WEITERE INFORMATIONEN ZU:<\/h3>\n<p><a href=\"https:\/\/www.gratch.com\/mightybrighty\/de\/warum-projectionswandfarbe\/\">Warum Projektionswandfarbe?<\/a><br \/>\n<a href=\"https:\/\/www.gratch.com\/mightybrighty\/de\/wie-funktioniert-mighty-brighty\/\">Wie funktioniert Mighty Brighty?<\/a>[\/vc_column_text][\/vc_column][vc_column width=&#8221;1\/4&#8243;][vc_column_text]<\/p>\n<p class=\"vp-img-paragraph\"><a class=\"vp-s vp-yt-type\" title=\"video mighty brighty pop up\" href=\"https:\/\/www.youtube.com\/watch?v=0RJZ3zyCM9c\" data-ytid=\"k8fcBeKr34k\"><img decoding=\"async\" class=\"vp-img\" src=\"https:\/\/www.gratch.com\/mightybrighty\/wp-content\/uploads\/sites\/8\/2021\/02\/video-mightybrighty.png\" \/><\/a><\/p>\n<p>[\/vc_column_text][\/vc_column][vc_column width=&#8221;1\/4&#8243;][\/vc_column][\/vc_row][vc_row][vc_column][vc_column_text]<\/li>\n<\/ul>\n<\/li>\n<\/ul>\n<\/li>\n<\/ul>\n<\/li>\n<\/ul>\n<p>[\/vc_column_text][\/vc_column][\/vc_row][vc_row][vc_column][vc_column_text]<\/li>\n<\/ul>\n<p>[\/vc_column_text][\/vc_column][\/vc_row]<\/p>\n<\/div>","protected":false},"excerpt":{"rendered":"<p>[vc_row full_width=&#8221;stretch_row&#8221; content_placement=&#8221;middle&#8221; css=&#8221;.vc_custom_1614248933116{margin-top: 0px !important;padding-top: 30px !important;padding-bottom: 120px !important;background-color: #ffffff !important;}&#8221;][vc_column][vc_row_inner content_placement=&#8221;middle&#8221;][vc_column_inner][vc_column_text] Was ist Mighty Brighty Projektionschirm Farbe Mighty Brighty ist ein neues und einmaliges<span class=\"excerpt-hellip\"> [\u2026]<\/span><\/p>\n","protected":false},"author":1,"featured_media":0,"parent":0,"menu_order":0,"comment_status":"closed","ping_status":"closed","template":"","meta":{"footnotes":""},"class_list":["post-1568","page","type-page","status-publish","hentry"],"aioseo_notices":[],"_links":{"self":[{"href":"https:\/\/www.gratch.com\/mightybrighty\/wp-json\/wp\/v2\/pages\/1568","targetHints":{"allow":["GET"]}}],"collection":[{"href":"https:\/\/www.gratch.com\/mightybrighty\/wp-json\/wp\/v2\/pages"}],"about":[{"href":"https:\/\/www.gratch.com\/mightybrighty\/wp-json\/wp\/v2\/types\/page"}],"author":[{"embeddable":true,"href":"https:\/\/www.gratch.com\/mightybrighty\/wp-json\/wp\/v2\/users\/1"}],"replies":[{"embeddable":true,"href":"https:\/\/www.gratch.com\/mightybrighty\/wp-json\/wp\/v2\/comments?post=1568"}],"version-history":[{"count":15,"href":"https:\/\/www.gratch.com\/mightybrighty\/wp-json\/wp\/v2\/pages\/1568\/revisions"}],"predecessor-version":[{"id":2565,"href":"https:\/\/www.gratch.com\/mightybrighty\/wp-json\/wp\/v2\/pages\/1568\/revisions\/2565"}],"wp:attachment":[{"href":"https:\/\/www.gratch.com\/mightybrighty\/wp-json\/wp\/v2\/media?parent=1568"}],"curies":[{"name":"wp","href":"https:\/\/api.w.org\/{rel}","templated":true}]}}