{"id":1717,"date":"2021-05-11T14:45:21","date_gmt":"2021-05-11T12:45:21","guid":{"rendered":"https:\/\/www.gratch.com\/mightybrighty\/?post_type=product&#038;p=1717"},"modified":"2026-03-30T13:08:40","modified_gmt":"2026-03-30T11:08:40","slug":"mpw-105-mighty-brighty-standard-schirm","status":"publish","type":"product","link":"https:\/\/www.gratch.com\/mightybrighty\/de\/product\/mpw-105-mighty-brighty-standard-schirm\/","title":{"rendered":"MPW 105 Mighty Brighty standard Schirm"},"content":{"rendered":"<p>Fertig zum Benutzen. Kontrast- und Klarheitsfl\u00fcssigkeit bereits gemischt basierend auf den g\u00e4ngigsten Werten. Hochreflektierende Leinwandfarbe f\u00fcr einen Standardschirm von max. 5 m\u00b2. Die Farbe dieses Bildschirms ist daher fest und ist sehr hellgrau fast wie RAL 7047 (doch etwas heller). Das MPW 105 Paket hat einen Kontrastwert von ca. 2,5 und einen Verst\u00e4rkungswert (gain) von ca. 1,1.<\/p>\n<p>Enth\u00e4lt:<\/p>\n<p>&#8211; 1 liter BaseCoat (Hellgrau)<br \/>\n&#8211; 1 liter TopCoat (Helligkeit \/ Gain 1.1)<br \/>\n&#8211; Gebrauchsanweisung<\/p>\n","protected":false},"excerpt":{"rendered":"<p>Gebrauchsfertig Leinwandfarbe Paket f\u00fcr 5 m\u00b2 Standard-Projektionsschirm<\/p>\n","protected":false},"featured_media":2431,"template":"","meta":[],"product_brand":[],"product_cat":[94],"product_tag":[],"class_list":{"0":"post-1717","1":"product","2":"type-product","3":"status-publish","4":"has-post-thumbnail","6":"product_cat-pakete","8":"first","9":"instock","10":"taxable","11":"shipping-taxable","12":"purchasable","13":"product-type-simple"},"aioseo_notices":[],"_links":{"self":[{"href":"https:\/\/www.gratch.com\/mightybrighty\/wp-json\/wp\/v2\/product\/1717","targetHints":{"allow":["GET"]}}],"collection":[{"href":"https:\/\/www.gratch.com\/mightybrighty\/wp-json\/wp\/v2\/product"}],"about":[{"href":"https:\/\/www.gratch.com\/mightybrighty\/wp-json\/wp\/v2\/types\/product"}],"wp:featuredmedia":[{"embeddable":true,"href":"https:\/\/www.gratch.com\/mightybrighty\/wp-json\/wp\/v2\/media\/2431"}],"wp:attachment":[{"href":"https:\/\/www.gratch.com\/mightybrighty\/wp-json\/wp\/v2\/media?parent=1717"}],"wp:term":[{"taxonomy":"product_brand","embeddable":true,"href":"https:\/\/www.gratch.com\/mightybrighty\/wp-json\/wp\/v2\/product_brand?post=1717"},{"taxonomy":"product_cat","embeddable":true,"href":"https:\/\/www.gratch.com\/mightybrighty\/wp-json\/wp\/v2\/product_cat?post=1717"},{"taxonomy":"product_tag","embeddable":true,"href":"https:\/\/www.gratch.com\/mightybrighty\/wp-json\/wp\/v2\/product_tag?post=1717"}],"curies":[{"name":"wp","href":"https:\/\/api.w.org\/{rel}","templated":true}]}}