{"id":1735,"date":"2021-05-11T15:58:12","date_gmt":"2021-05-11T13:58:12","guid":{"rendered":"https:\/\/www.gratch.com\/mightybrighty\/?post_type=product&#038;p=1735"},"modified":"2026-03-30T13:30:37","modified_gmt":"2026-03-30T11:30:37","slug":"mpw-350-mighty-brighty-optimales-schirm","status":"publish","type":"product","link":"https:\/\/www.gratch.com\/mightybrighty\/de\/product\/mpw-350-mighty-brighty-optimales-schirm\/","title":{"rendered":"MPW 350 Mighty Brighty Optimales Schirm"},"content":{"rendered":"<p>Das Mighty Brighty MPW 350-Paket ist im Grunde das Standard-Leinwandpaket (Verst\u00e4rkung &#8216;gain&#8217; 1:1 und Farbe etwas heller als RAL 7047), kann aber auch zu einer ma\u00dfgeschneiderten Leinwand angepasst werden, bei der Kontrast und Helligkeit an den Raum, in dem sie projiziert wird, angepasst werden. Dieses Paket ist f\u00fcr eine Projektionsfl\u00e4che von 50 m\u00b2 geeignet. Projektions-Schirm-Farbe f\u00fcr grossr\u00e4umige Projekte. Dieses Paket kann benutzt werden um Konferenzzimmer zu bemalen, oder an \u00f6ffentlichen extralarge Geb\u00e4uden (z.B. Flugh\u00e4fen, Ausstellungen, Museen etc.). Es enth\u00e4lt BaseCoat mit ContrastBooster und TopCoat mit BrightnessBooster.<\/p>\n<p>Enth\u00e4lt:<br \/>\n&#8211; 10 Ltr. BaseCoat<br \/>\n&#8211; 1 Ltr. ContrastBooster<br \/>\n&#8211; 10 Ltr. TopCoat<br \/>\n&#8211; 1 Ltr. BrightnessBooster<br \/>\n&#8211; Gebrauchsanweisung (einschliesslich Spritz-Anleitung f\u00fcr Leinwandfarbe)<\/p>\n","protected":false},"excerpt":{"rendered":"<p>Mighty Brighty Optimales Schirm Paket enth\u00e4lt Leinwandfarbe f\u00fcr 50 m\u00b2 Standard- oder kundenspezifische Projektionswand<\/p>\n","protected":false},"featured_media":2555,"template":"","meta":[],"product_brand":[],"product_cat":[94],"product_tag":[],"class_list":{"0":"post-1735","1":"product","2":"type-product","3":"status-publish","4":"has-post-thumbnail","6":"product_cat-pakete","8":"first","9":"instock","10":"taxable","11":"shipping-taxable","12":"purchasable","13":"product-type-simple"},"aioseo_notices":[],"_links":{"self":[{"href":"https:\/\/www.gratch.com\/mightybrighty\/wp-json\/wp\/v2\/product\/1735","targetHints":{"allow":["GET"]}}],"collection":[{"href":"https:\/\/www.gratch.com\/mightybrighty\/wp-json\/wp\/v2\/product"}],"about":[{"href":"https:\/\/www.gratch.com\/mightybrighty\/wp-json\/wp\/v2\/types\/product"}],"wp:featuredmedia":[{"embeddable":true,"href":"https:\/\/www.gratch.com\/mightybrighty\/wp-json\/wp\/v2\/media\/2555"}],"wp:attachment":[{"href":"https:\/\/www.gratch.com\/mightybrighty\/wp-json\/wp\/v2\/media?parent=1735"}],"wp:term":[{"taxonomy":"product_brand","embeddable":true,"href":"https:\/\/www.gratch.com\/mightybrighty\/wp-json\/wp\/v2\/product_brand?post=1735"},{"taxonomy":"product_cat","embeddable":true,"href":"https:\/\/www.gratch.com\/mightybrighty\/wp-json\/wp\/v2\/product_cat?post=1735"},{"taxonomy":"product_tag","embeddable":true,"href":"https:\/\/www.gratch.com\/mightybrighty\/wp-json\/wp\/v2\/product_tag?post=1735"}],"curies":[{"name":"wp","href":"https:\/\/api.w.org\/{rel}","templated":true}]}}