{"id":1739,"date":"2021-05-11T16:23:37","date_gmt":"2021-05-11T14:23:37","guid":{"rendered":"https:\/\/www.gratch.com\/mightybrighty\/?post_type=product&#038;p=1739"},"modified":"2026-03-27T16:11:42","modified_gmt":"2026-03-27T15:11:42","slug":"mpa-405-mighty-brighty-werkzeug","status":"publish","type":"product","link":"https:\/\/www.gratch.com\/mightybrighty\/de\/product\/mpa-405-mighty-brighty-werkzeug\/","title":{"rendered":"MPA 405 Mighty Brighty Werkzeug"},"content":{"rendered":"<p>Paket mit alle zubeh\u00f6r f\u00fcr Mighty Brighty Projektionsschirm Farbe. Diese hochwertigen Farbenroller wurden speziell f\u00fcr Mighty Brighty ausgew\u00e4hlt. Die Verwendung dieses Pakets wird empfohlen in Kombination mit Mighty Brighty Leinwandfarbe.<\/p>\n","protected":false},"excerpt":{"rendered":"<p>Paket mit alle zubeh\u00f6r f\u00fcr Mighty Brighty Projektionsschirm Farbe<\/p>\n","protected":false},"featured_media":1408,"template":"","meta":[],"product_brand":[],"product_cat":[98],"product_tag":[],"class_list":{"0":"post-1739","1":"product","2":"type-product","3":"status-publish","4":"has-post-thumbnail","6":"product_cat-zubehoer","8":"first","9":"instock","10":"taxable","11":"shipping-taxable","12":"purchasable","13":"product-type-simple"},"aioseo_notices":[],"_links":{"self":[{"href":"https:\/\/www.gratch.com\/mightybrighty\/wp-json\/wp\/v2\/product\/1739","targetHints":{"allow":["GET"]}}],"collection":[{"href":"https:\/\/www.gratch.com\/mightybrighty\/wp-json\/wp\/v2\/product"}],"about":[{"href":"https:\/\/www.gratch.com\/mightybrighty\/wp-json\/wp\/v2\/types\/product"}],"wp:featuredmedia":[{"embeddable":true,"href":"https:\/\/www.gratch.com\/mightybrighty\/wp-json\/wp\/v2\/media\/1408"}],"wp:attachment":[{"href":"https:\/\/www.gratch.com\/mightybrighty\/wp-json\/wp\/v2\/media?parent=1739"}],"wp:term":[{"taxonomy":"product_brand","embeddable":true,"href":"https:\/\/www.gratch.com\/mightybrighty\/wp-json\/wp\/v2\/product_brand?post=1739"},{"taxonomy":"product_cat","embeddable":true,"href":"https:\/\/www.gratch.com\/mightybrighty\/wp-json\/wp\/v2\/product_cat?post=1739"},{"taxonomy":"product_tag","embeddable":true,"href":"https:\/\/www.gratch.com\/mightybrighty\/wp-json\/wp\/v2\/product_tag?post=1739"}],"curies":[{"name":"wp","href":"https:\/\/api.w.org\/{rel}","templated":true}]}}