{"id":1740,"date":"2021-05-11T16:31:36","date_gmt":"2021-05-11T14:31:36","guid":{"rendered":"https:\/\/www.gratch.com\/mightybrighty\/?post_type=product&#038;p=1740"},"modified":"2023-12-14T12:34:04","modified_gmt":"2023-12-14T11:34:04","slug":"mpb-80-beamer-lift-de","status":"publish","type":"product","link":"https:\/\/www.gratch.com\/mightybrighty\/de\/product\/mpb-80-beamer-lift-de\/","title":{"rendered":"MPB 80 Beamer Lift"},"content":{"rendered":"<p>Bewahren Sie Ihren Beamer oder Projektor in Ihrer Decke auf, wenn Sie ihn nicht mit dem Mighty Brighty BeamerLift MPB80 verwenden. Staub im Projektor vermeiden! Ist nicht mehr so \u200b\u200bdiebstahlgef\u00e4hrdet. Sieht \u00e4sthetisch gut aus. Der Aufzug ist motorgetrieben und wird mit einer HF-Fernbedienung oder mit einem Wandschalter betrieben. Aufgrund der begrenzten Einbauh\u00f6he der Aufzugskonstruktion kann dieser Beamer Aufzug unter vielen Umst\u00e4nden eingesetzt werden. Es k\u00f6nnen sogar \u00c4nderungen vorgenommen werden, so dass die ohnehin geringe Einbauh\u00f6he reduziert werden kann.<\/p>\n<p>Enth\u00e4lt:<br \/>\n&#8211; 1 System<br \/>\n&#8211; RF-Fernbedienung<br \/>\n&#8211; Wandschalter<br \/>\n&#8211; Anweisungen (Englisch)<\/p>\n","protected":false},"excerpt":{"rendered":"<p>Elektronischer Aufzug mit drahtloser Fernbedienung<\/p>\n","protected":false},"featured_media":1633,"template":"","meta":[],"product_brand":[],"product_cat":[102],"product_tag":[],"class_list":{"0":"post-1740","1":"product","2":"type-product","3":"status-publish","4":"has-post-thumbnail","6":"product_cat-projektorlift","8":"first","9":"instock","10":"taxable","11":"shipping-taxable","12":"purchasable","13":"product-type-simple"},"aioseo_notices":[],"_links":{"self":[{"href":"https:\/\/www.gratch.com\/mightybrighty\/wp-json\/wp\/v2\/product\/1740","targetHints":{"allow":["GET"]}}],"collection":[{"href":"https:\/\/www.gratch.com\/mightybrighty\/wp-json\/wp\/v2\/product"}],"about":[{"href":"https:\/\/www.gratch.com\/mightybrighty\/wp-json\/wp\/v2\/types\/product"}],"wp:featuredmedia":[{"embeddable":true,"href":"https:\/\/www.gratch.com\/mightybrighty\/wp-json\/wp\/v2\/media\/1633"}],"wp:attachment":[{"href":"https:\/\/www.gratch.com\/mightybrighty\/wp-json\/wp\/v2\/media?parent=1740"}],"wp:term":[{"taxonomy":"product_brand","embeddable":true,"href":"https:\/\/www.gratch.com\/mightybrighty\/wp-json\/wp\/v2\/product_brand?post=1740"},{"taxonomy":"product_cat","embeddable":true,"href":"https:\/\/www.gratch.com\/mightybrighty\/wp-json\/wp\/v2\/product_cat?post=1740"},{"taxonomy":"product_tag","embeddable":true,"href":"https:\/\/www.gratch.com\/mightybrighty\/wp-json\/wp\/v2\/product_tag?post=1740"}],"curies":[{"name":"wp","href":"https:\/\/api.w.org\/{rel}","templated":true}]}}