{"id":2480,"date":"2023-01-27T16:16:10","date_gmt":"2023-01-27T15:16:10","guid":{"rendered":"https:\/\/www.gratch.com\/mightybrighty\/?post_type=product&#038;p=2480"},"modified":"2026-03-30T13:32:47","modified_gmt":"2026-03-30T11:32:47","slug":"mpw-225-mighty-brighty-standard-schirm-optimales-schirm","status":"publish","type":"product","link":"https:\/\/www.gratch.com\/mightybrighty\/de\/product\/mpw-225-mighty-brighty-standard-schirm-optimales-schirm\/","title":{"rendered":"MPW 225 Mighty Brighty Standard Schirm (Optimales Schirm)"},"content":{"rendered":"<p>Das Mighty Brighty MPW 225-Paket ist im Grunde das Standard-Leinwandpaket (Verst\u00e4rkung 1:1 und Farbe etwas heller als RAL 7047), kann aber auch zu einer ma\u00dfgeschneiderten Leinwand angepasst werden, bei der Kontrast und Helligkeit an den Raum, in dem die Projektion stattfindet, angepasst werden. Dieses Paket ist f\u00fcr eine Projektionsfl\u00e4che von 25 m\u00b2 geeignet. \u00c4u\u00dferst praktisch f\u00fcr gr\u00f6\u00dfere Projekte, z. B. um eine oder mehrere gro\u00dfe W\u00e4nde in eine komplette Projektionsfl\u00e4che zu verwandeln (in B\u00fcros, Flugh\u00e4fen, Ausstellungsst\u00e4nden, Museen usw.) Kann auch im Airless-Verfahren (Spray) aufgetragen werden.<\/p>\n<p>Enth\u00e4lt:<br \/>\n\u2013 5 Ltr. BaseCoat<br \/>\n\u2013 0,5 Ltr. ContrastBooster<br \/>\n\u2013 5 Ltr. TopCoat<br \/>\n\u2013 0,5 Ltr. BrightnessBooster<br \/>\n\u2013 Gebrauchsanweisung (einschliesslich Spritz-Anleitung f\u00fcr Leinwandfarbe)<\/p>\n","protected":false},"excerpt":{"rendered":"<p>Projektionswand-Farbpaket f\u00fcr 25 m\u00b2 Standard- oder kundenspezifische Projektionswand<\/p>\n","protected":false},"featured_media":2605,"template":"","meta":[],"product_brand":[],"product_cat":[94],"product_tag":[],"class_list":{"0":"post-2480","1":"product","2":"type-product","3":"status-publish","4":"has-post-thumbnail","6":"product_cat-pakete","8":"first","9":"instock","10":"taxable","11":"shipping-taxable","12":"purchasable","13":"product-type-simple"},"aioseo_notices":[],"_links":{"self":[{"href":"https:\/\/www.gratch.com\/mightybrighty\/wp-json\/wp\/v2\/product\/2480","targetHints":{"allow":["GET"]}}],"collection":[{"href":"https:\/\/www.gratch.com\/mightybrighty\/wp-json\/wp\/v2\/product"}],"about":[{"href":"https:\/\/www.gratch.com\/mightybrighty\/wp-json\/wp\/v2\/types\/product"}],"wp:featuredmedia":[{"embeddable":true,"href":"https:\/\/www.gratch.com\/mightybrighty\/wp-json\/wp\/v2\/media\/2605"}],"wp:attachment":[{"href":"https:\/\/www.gratch.com\/mightybrighty\/wp-json\/wp\/v2\/media?parent=2480"}],"wp:term":[{"taxonomy":"product_brand","embeddable":true,"href":"https:\/\/www.gratch.com\/mightybrighty\/wp-json\/wp\/v2\/product_brand?post=2480"},{"taxonomy":"product_cat","embeddable":true,"href":"https:\/\/www.gratch.com\/mightybrighty\/wp-json\/wp\/v2\/product_cat?post=2480"},{"taxonomy":"product_tag","embeddable":true,"href":"https:\/\/www.gratch.com\/mightybrighty\/wp-json\/wp\/v2\/product_tag?post=2480"}],"curies":[{"name":"wp","href":"https:\/\/api.w.org\/{rel}","templated":true}]}}