{"id":1727,"date":"2021-05-19T11:19:04","date_gmt":"2021-05-19T09:19:04","guid":{"rendered":"https:\/\/www.gratch.com\/renovio\/?post_type=product&#038;p=1727"},"modified":"2026-03-03T21:00:07","modified_gmt":"2026-03-03T20:00:07","slug":"wollpoliermantel-und-traegerpolster","status":"publish","type":"product","link":"https:\/\/www.gratch.com\/renovio\/de\/product\/wollpoliermantel-und-traegerpolster\/","title":{"rendered":"Wollpoliermantel und Tr\u00e4gerpolster"},"content":{"rendered":"<p>Makita Wollpoliermantel \/ -polster mit Klettverschluss auf der R\u00fcckseite, geliefert mit passendem Tr\u00e4gerpolster. Verwendung in Kombination mit dem Makita-Tr\u00e4gerpolster P-21777, geeignet f\u00fcr das Makita-Modell: 9227CB, 9237CB, PV7000C.<\/p>\n","protected":false},"excerpt":{"rendered":"<p>Wollpoliermantel und Tr\u00e4gerpolster<\/p>\n","protected":false},"featured_media":1516,"template":"","meta":[],"product_brand":[],"product_cat":[99,95],"product_tag":[],"class_list":{"0":"post-1727","1":"product","2":"type-product","3":"status-publish","4":"has-post-thumbnail","6":"product_cat-zubehoer","7":"product_cat-alle-renovio-produkte","9":"first","10":"instock","11":"taxable","12":"shipping-taxable","13":"purchasable","14":"product-type-simple"},"aioseo_notices":[],"_links":{"self":[{"href":"https:\/\/www.gratch.com\/renovio\/wp-json\/wp\/v2\/product\/1727","targetHints":{"allow":["GET"]}}],"collection":[{"href":"https:\/\/www.gratch.com\/renovio\/wp-json\/wp\/v2\/product"}],"about":[{"href":"https:\/\/www.gratch.com\/renovio\/wp-json\/wp\/v2\/types\/product"}],"wp:featuredmedia":[{"embeddable":true,"href":"https:\/\/www.gratch.com\/renovio\/wp-json\/wp\/v2\/media\/1516"}],"wp:attachment":[{"href":"https:\/\/www.gratch.com\/renovio\/wp-json\/wp\/v2\/media?parent=1727"}],"wp:term":[{"taxonomy":"product_brand","embeddable":true,"href":"https:\/\/www.gratch.com\/renovio\/wp-json\/wp\/v2\/product_brand?post=1727"},{"taxonomy":"product_cat","embeddable":true,"href":"https:\/\/www.gratch.com\/renovio\/wp-json\/wp\/v2\/product_cat?post=1727"},{"taxonomy":"product_tag","embeddable":true,"href":"https:\/\/www.gratch.com\/renovio\/wp-json\/wp\/v2\/product_tag?post=1727"}],"curies":[{"name":"wp","href":"https:\/\/api.w.org\/{rel}","templated":true}]}}