{"id":1728,"date":"2021-05-19T11:24:07","date_gmt":"2021-05-19T09:24:07","guid":{"rendered":"https:\/\/www.gratch.com\/renovio\/?post_type=product&#038;p=1728"},"modified":"2026-03-03T20:57:22","modified_gmt":"2026-03-03T19:57:22","slug":"makita-9237-cb-schleif-und-poliermaschine","status":"publish","type":"product","link":"https:\/\/www.gratch.com\/renovio\/de\/product\/makita-9237-cb-schleif-und-poliermaschine\/","title":{"rendered":"Makita 9237 CB Schleif- und Poliermaschine"},"content":{"rendered":"<p>Der Makita 9237 CB ist ein hochwertiger Polierer mit variabler Geschwindigkeit. Einfach zu bedienen durch grossen B\u00fcgelgriff und ausreichendes Gewicht.<br \/>\n<em>Achtung: Bei Verwendung ohne B\u00fcgelgriff ist ein Getriebegeh\u00e4usedeckel obligatorisch (mitgeliefert).<\/em><\/p>\n<p>Makita 9237 CB Schleif- und Poliermaschine: f\u00fcr Polieren, Gl\u00e4tten vor dem Lackieren, Feinschleifen von Oberfl\u00e4chen. Zur Oberfl\u00e4chenbearbeitung von Glas, Lack, Holz, Metall und Natursteinen.<\/p>\n<p><b>Technische Daten:<\/b><\/p>\n<table class=\"tabelspecificaties\" width=\"100%\">\n<tbody>\n<tr>\n<td width=\"30%\">Leistungsaufnahme<\/td>\n<td align=\"left\" width=\"70%\">1200 Watt<\/td>\n<\/tr>\n<tr>\n<td>Spindelgewinde<\/td>\n<td align=\"left\">M14<\/td>\n<\/tr>\n<tr>\n<td>Stromspannung<\/td>\n<td align=\"left\">320 V<\/td>\n<\/tr>\n<tr>\n<td>Geschwindigkeitsbereich<\/td>\n<td align=\"left\">600-3200 min-1<\/td>\n<\/tr>\n<\/tbody>\n<\/table>\n","protected":false},"excerpt":{"rendered":"<p>Hochwertiger Polierer mit variabler Geschwindigkeit und handlichem Buggriff<\/p>\n","protected":false},"featured_media":1582,"template":"","meta":[],"product_brand":[],"product_cat":[99,95],"product_tag":[],"class_list":{"0":"post-1728","1":"product","2":"type-product","3":"status-publish","4":"has-post-thumbnail","6":"product_cat-zubehoer","7":"product_cat-alle-renovio-produkte","9":"first","10":"instock","11":"taxable","12":"shipping-taxable","13":"purchasable","14":"product-type-simple"},"aioseo_notices":[],"_links":{"self":[{"href":"https:\/\/www.gratch.com\/renovio\/wp-json\/wp\/v2\/product\/1728","targetHints":{"allow":["GET"]}}],"collection":[{"href":"https:\/\/www.gratch.com\/renovio\/wp-json\/wp\/v2\/product"}],"about":[{"href":"https:\/\/www.gratch.com\/renovio\/wp-json\/wp\/v2\/types\/product"}],"wp:featuredmedia":[{"embeddable":true,"href":"https:\/\/www.gratch.com\/renovio\/wp-json\/wp\/v2\/media\/1582"}],"wp:attachment":[{"href":"https:\/\/www.gratch.com\/renovio\/wp-json\/wp\/v2\/media?parent=1728"}],"wp:term":[{"taxonomy":"product_brand","embeddable":true,"href":"https:\/\/www.gratch.com\/renovio\/wp-json\/wp\/v2\/product_brand?post=1728"},{"taxonomy":"product_cat","embeddable":true,"href":"https:\/\/www.gratch.com\/renovio\/wp-json\/wp\/v2\/product_cat?post=1728"},{"taxonomy":"product_tag","embeddable":true,"href":"https:\/\/www.gratch.com\/renovio\/wp-json\/wp\/v2\/product_tag?post=1728"}],"curies":[{"name":"wp","href":"https:\/\/api.w.org\/{rel}","templated":true}]}}