{"id":1943,"date":"2021-07-29T23:06:19","date_gmt":"2021-07-29T21:06:19","guid":{"rendered":"https:\/\/www.gratch.com\/renovio\/?post_type=product&#038;p=1943"},"modified":"2026-03-03T20:54:53","modified_gmt":"2026-03-03T19:54:53","slug":"rv-04-glass-renovator-de","status":"publish","type":"product","link":"https:\/\/www.gratch.com\/renovio\/de\/product\/rv-04-glass-renovator-de\/","title":{"rendered":"RV-04 Glass Renovator 1 &#8211; 12 L"},"content":{"rendered":"<p>Renovio Glass Renovator 2-in-1 reinigt und renoviert Glas in einer Behandlung. Entfernt Kalkstein, Zementr\u00fcckstand, Rost, schwere Verunreinigungen, impr\u00e4gniert, entf\u00e4rbt usw. Auch f\u00fcr die \u00f6rtliche Anwendung geeignet. pH neutral, wasserbasiert.<\/p>\n<p><strong>Vorteile<\/strong><br \/>\nWarum ist der Glass Renovator 2-in-1 besser als andere Glasreiniger:<br \/>\n1. Reinigt gr\u00fcndlich in einer Behandlung.<br \/>\n2. Umweltfreundlich, wasserbasierend, keine giftigen D\u00e4mpfe, pH-neutral.<br \/>\n3. Nicht brennbar, EcoSafe.<br \/>\n4. Einfach und schnell zu handhaben.<br \/>\n5. Eine Neutralisierung durch Sp\u00fclen ist nicht erforderlich.<br \/>\n6. Einfache Anwendung, auch bei \u00f6rtlicher Anwendung.<br \/>\n7. Einsatz von Wasser nicht erforderlich.<br \/>\n8. Nicht aggressiv. Andere Fassadenoberfl\u00e4chen werden nicht besch\u00e4digt.<\/p>\n<p><strong>Technische Eigenschaften<\/strong><br \/>\nFarbe grau<br \/>\nDichte 1,05 gr\/cm3<br \/>\npH-Wert 7,5<br \/>\nVerbrauch 40 m2\/l<\/p>\n<p><strong>Anwendbare Oberfl\u00e4chen<\/strong><br \/>\nAlle Arten von Glas (nicht auf ge\u00e4tzter oder sandgestrahlter Seite anwenden). Auch f\u00fcr Oberfl\u00e4chen, wie reflektierendes Glas mit einer Beschichtung auf Ebene 1.<\/p>\n<p><strong>Verarbeitungsart<\/strong><br \/>\nDie Reinigung ist basierend auf manuelle oder mechanische Bearbeitung.<\/p>\n<p><strong>Verarbeitungstemperatur<\/strong><br \/>\nZwischen 5\u00b0C und 35\u00b0C.<\/p>\n<p><strong>Vorbehandlung<\/strong><br \/>\nOberfl\u00e4chen m\u00fcssen frei von Staub und Sand sein. Hinweis: Eine erste Probe auf einer kleinen Fl\u00e4che machen, ob das Ergebnis den Erwartungen entspricht.<\/p>\n","protected":false},"excerpt":{"rendered":"<p>Reinigt und renoviert Glas in einer Behandlung. Entfernt Kalkstein, Zementr\u00fcckstand, Rost, schwere Verunreinigungen, impr\u00e4gniert, entf\u00e4rbt usw.<\/p>\n","protected":false},"featured_media":1253,"template":"","meta":[],"product_brand":[],"product_cat":[86,95],"product_tag":[],"class_list":{"0":"post-1943","1":"product","2":"type-product","3":"status-publish","4":"has-post-thumbnail","6":"product_cat-glas-de","7":"product_cat-alle-renovio-produkte","9":"first","10":"instock","11":"taxable","12":"shipping-taxable","13":"purchasable","14":"product-type-variable"},"aioseo_notices":[],"_links":{"self":[{"href":"https:\/\/www.gratch.com\/renovio\/wp-json\/wp\/v2\/product\/1943","targetHints":{"allow":["GET"]}}],"collection":[{"href":"https:\/\/www.gratch.com\/renovio\/wp-json\/wp\/v2\/product"}],"about":[{"href":"https:\/\/www.gratch.com\/renovio\/wp-json\/wp\/v2\/types\/product"}],"wp:featuredmedia":[{"embeddable":true,"href":"https:\/\/www.gratch.com\/renovio\/wp-json\/wp\/v2\/media\/1253"}],"wp:attachment":[{"href":"https:\/\/www.gratch.com\/renovio\/wp-json\/wp\/v2\/media?parent=1943"}],"wp:term":[{"taxonomy":"product_brand","embeddable":true,"href":"https:\/\/www.gratch.com\/renovio\/wp-json\/wp\/v2\/product_brand?post=1943"},{"taxonomy":"product_cat","embeddable":true,"href":"https:\/\/www.gratch.com\/renovio\/wp-json\/wp\/v2\/product_cat?post=1943"},{"taxonomy":"product_tag","embeddable":true,"href":"https:\/\/www.gratch.com\/renovio\/wp-json\/wp\/v2\/product_tag?post=1943"}],"curies":[{"name":"wp","href":"https:\/\/api.w.org\/{rel}","templated":true}]}}