{"id":2014,"date":"2021-07-30T07:40:42","date_gmt":"2021-07-30T05:40:42","guid":{"rendered":"https:\/\/www.gratch.com\/renovio\/?post_type=product&#038;p=2014"},"modified":"2026-03-03T20:44:10","modified_gmt":"2026-03-03T19:44:10","slug":"rv-17-stainless-steel-protector-de","status":"publish","type":"product","link":"https:\/\/www.gratch.com\/renovio\/de\/product\/rv-17-stainless-steel-protector-de\/","title":{"rendered":"RV-17 Stainless Steel Protector 1 &#8211; 12 L"},"content":{"rendered":"<p>Renovio Stainless Steel Protector ist ein Schutzprodukt f\u00fcr Edelstahl\/Inox, pH-neutrales Produkt, Wasserbasiert. Entwickelt als hochwertiges Schutzsystem. Erneuert Glanz und H\u00e4rte in einer Behandlung. Der Edelstahlschutz sch\u00fctzt vor schnellen atmosph\u00e4rischen und anderen Verunreinigungen wie Algenwachstum, es verz\u00f6gert die Haftung von Schmutz. Enth\u00e4lt L\u00f6sungsmittel. Fertig zum Benutzen.<\/p>\n<p><strong>Vorteile:<\/strong><br \/>\nWarum Renovio Stainless Steel Protector \/ Edelstahlschutz besser ist als andere vorbeugende Produkte:<br \/>\n1. Sch\u00fctzt in 1 Behandlung.<br \/>\n2. Begrenzt das Wachstum von Schmutz wie Algen.<br \/>\n3. Best\u00e4ndig gegen UV-Strahlung, sauren Regen, Sonnenlicht, salzige Luft und aggressive Reinigungsmittel.<br \/>\n4. Flexibel gegen\u00fcber grossen Temperaturunterschieden.<br \/>\n5. Langlebig, bietet lang anhaltenden Schutz.<br \/>\n6. Wartungsfreundlich, leicht waschbar.<br \/>\n7. Einfache Anwendung (einfach einreiben).<br \/>\n8. 1-Komponenten-System, sofort nach der Vorreinigung aufzutragen.<br \/>\n9. Keine strukturellen Ver\u00e4nderungen im Material durch Schichtaufbau.<\/p>\n<p><strong>Technische Daten:<\/strong><br \/>\nFarbe: charakteristisch<br \/>\nDichte: 1,01<br \/>\nPH-Wert: 7<br \/>\nVerbrauch: 50 m\u00b2 \/ ltr.<\/p>\n<p><strong>Anwendbare Oberfl\u00e4chen:<\/strong><br \/>\nAlle Arten von Edelstahl.<\/p>\n","protected":false},"excerpt":{"rendered":"<p>Sch\u00fctzt Edelstahl besser und l\u00e4nger. Stellt den Glanz in nur 1 Behandlung wieder her. Verz\u00f6gert Schmutzablagerungen<\/p>\n","protected":false},"featured_media":1258,"template":"","meta":[],"product_brand":[],"product_cat":[107,95],"product_tag":[],"class_list":{"0":"post-2014","1":"product","2":"type-product","3":"status-publish","4":"has-post-thumbnail","6":"product_cat-edelstahl","7":"product_cat-alle-renovio-produkte","9":"first","10":"instock","11":"taxable","12":"shipping-taxable","13":"purchasable","14":"product-type-variable"},"aioseo_notices":[],"_links":{"self":[{"href":"https:\/\/www.gratch.com\/renovio\/wp-json\/wp\/v2\/product\/2014","targetHints":{"allow":["GET"]}}],"collection":[{"href":"https:\/\/www.gratch.com\/renovio\/wp-json\/wp\/v2\/product"}],"about":[{"href":"https:\/\/www.gratch.com\/renovio\/wp-json\/wp\/v2\/types\/product"}],"wp:featuredmedia":[{"embeddable":true,"href":"https:\/\/www.gratch.com\/renovio\/wp-json\/wp\/v2\/media\/1258"}],"wp:attachment":[{"href":"https:\/\/www.gratch.com\/renovio\/wp-json\/wp\/v2\/media?parent=2014"}],"wp:term":[{"taxonomy":"product_brand","embeddable":true,"href":"https:\/\/www.gratch.com\/renovio\/wp-json\/wp\/v2\/product_brand?post=2014"},{"taxonomy":"product_cat","embeddable":true,"href":"https:\/\/www.gratch.com\/renovio\/wp-json\/wp\/v2\/product_cat?post=2014"},{"taxonomy":"product_tag","embeddable":true,"href":"https:\/\/www.gratch.com\/renovio\/wp-json\/wp\/v2\/product_tag?post=2014"}],"curies":[{"name":"wp","href":"https:\/\/api.w.org\/{rel}","templated":true}]}}