{"id":2028,"date":"2021-07-30T07:50:18","date_gmt":"2021-07-30T05:50:18","guid":{"rendered":"https:\/\/www.gratch.com\/renovio\/?post_type=product&#038;p=2028"},"modified":"2026-03-03T20:41:41","modified_gmt":"2026-03-03T19:41:41","slug":"rv-20-polyplast-renovator-2-in-1-de","status":"publish","type":"product","link":"https:\/\/www.gratch.com\/renovio\/de\/product\/rv-20-polyplast-renovator-2-in-1-de\/","title":{"rendered":"RV-20 Polyplast Renovator 2-in-1"},"content":{"rendered":"<p>Renovio Polyplast Renovator reinigt und konserviert synthetische Materialien (Kunststof) in einer Behandlung. pH neutral, Wasserbasiert. Gebrauchsfertig. Zur Entfernung von Luftverschmutzung, Zementschleiern, Rost, Farben und starker Verschmutzung bestimmt. Nach der Reinigung bleibt eine hochwertige Schutzschicht. Entfernt Schmutz und sch\u00fctzt die Oberfl\u00e4che in einer Behandlung. Stellt Farbe, Glanz und Festigkeit in einer Behandlung wieder her. Nach der Anwendung wird die Neuverschmutzung verlangsamt.<\/p>\n<p><strong>Vorteile:<\/strong><br \/>\nWarum ist der Renovio PolyPlast Renovator besser als andere Reiniger:<br \/>\n1. Reinigt gr\u00fcndlich in einer Behandlung.<br \/>\n2. Umweltfreundlich, wasserbasierend, keine giftigen D\u00e4mpfe, pH-neutral.<br \/>\n3. Nicht brennbar, EcoSafe.<br \/>\n4. Einfach und schnell zu handhaben.<br \/>\n5. Neutralisierung oder Sp\u00fclen ist nicht erforderlich.<br \/>\n6. Einfache Anwendung, auch bei \u00f6rtlicher Anwendung.<br \/>\n7. Einsatz von Wasser nicht erforderlich.<br \/>\n8. Enth\u00e4lt keine sch\u00e4dlichen Weichmacher und hinterl\u00e4sst keine Spuren.<br \/>\n9. Einfach zu handhaben, wenn Sie Oberfl\u00e4chen erneuern wollen.<br \/>\n10. Nicht aggressiv. Andere Fassadenoberfl\u00e4chen werden nicht besch\u00e4digt.<\/p>\n<p><strong>Technische Daten:<\/strong><br \/>\nFarbe: Gelb-Gr\u00fcn<br \/>\nDichte: 1,05 gr\/cm3<br \/>\npH-Wert: 7,5<br \/>\nVerbrauch: 40 m2\/l<\/p>\n<p><strong>Eigenschaften:<\/strong><br \/>\n&#8211; Zur Entfernung von Luftverschmutzung, Kalk, Zementresten, Rost, Verf\u00e4rbungen, starker Verschmutzung usw. vorgesehen.<br \/>\n&#8211; Langzeiterhaltung von ausgezeichneter Qualit\u00e4t nach der Reinigung.<br \/>\n&#8211; Entfernt Schmutz und sch\u00fctzt die Oberfl\u00e4che in einer Behandlung.<br \/>\n&#8211; Stellt Farbe, Glanz und H\u00e4rte in einer Behandlung wieder her.<br \/>\n&#8211; Verhindert schnelle Luftverschmutzung und andere Verschmutzungen, beispielsweise Algenwachstum.<\/p>\n<p><strong>Anwendbare Oberfl\u00e4chen:<\/strong><br \/>\nNahezu auf allen Kunststoffen, Pasten und Polyestern anwendbar.<br \/>\nPolyPlast Renovator kann auch auf lackiertem und pulverbeschichetem Aluminium eingesetzt werden.<\/p>\n","protected":false},"excerpt":{"rendered":"<p>Reinigt und konserviert synthetische Materialien (Kunststof) in einer Behandlung<\/p>\n","protected":false},"featured_media":1259,"template":"","meta":[],"product_brand":[],"product_cat":[111,95],"product_tag":[],"class_list":{"0":"post-2028","1":"product","2":"type-product","3":"status-publish","4":"has-post-thumbnail","6":"product_cat-kunststoff","7":"product_cat-alle-renovio-produkte","9":"first","10":"instock","11":"taxable","12":"shipping-taxable","13":"purchasable","14":"product-type-variable"},"aioseo_notices":[],"_links":{"self":[{"href":"https:\/\/www.gratch.com\/renovio\/wp-json\/wp\/v2\/product\/2028","targetHints":{"allow":["GET"]}}],"collection":[{"href":"https:\/\/www.gratch.com\/renovio\/wp-json\/wp\/v2\/product"}],"about":[{"href":"https:\/\/www.gratch.com\/renovio\/wp-json\/wp\/v2\/types\/product"}],"wp:featuredmedia":[{"embeddable":true,"href":"https:\/\/www.gratch.com\/renovio\/wp-json\/wp\/v2\/media\/1259"}],"wp:attachment":[{"href":"https:\/\/www.gratch.com\/renovio\/wp-json\/wp\/v2\/media?parent=2028"}],"wp:term":[{"taxonomy":"product_brand","embeddable":true,"href":"https:\/\/www.gratch.com\/renovio\/wp-json\/wp\/v2\/product_brand?post=2028"},{"taxonomy":"product_cat","embeddable":true,"href":"https:\/\/www.gratch.com\/renovio\/wp-json\/wp\/v2\/product_cat?post=2028"},{"taxonomy":"product_tag","embeddable":true,"href":"https:\/\/www.gratch.com\/renovio\/wp-json\/wp\/v2\/product_tag?post=2028"}],"curies":[{"name":"wp","href":"https:\/\/api.w.org\/{rel}","templated":true}]}}