{"id":2477,"date":"2025-03-06T14:37:19","date_gmt":"2025-03-06T13:37:19","guid":{"rendered":"https:\/\/www.gratch.com\/renovio\/?post_type=product&#038;p=2477"},"modified":"2026-03-03T15:53:19","modified_gmt":"2026-03-03T14:53:19","slug":"rv-03-facade-wash-1-12-l-3","status":"publish","type":"product","link":"https:\/\/www.gratch.com\/renovio\/de\/product\/rv-03-facade-wash-1-12-l-3\/","title":{"rendered":"RV-03 Multi Surface Facade Wash 1-12 L"},"content":{"rendered":"<p>Ein professioneller Reiniger f\u00fcr Glas, Aluminium, Edelstahl, Kunststoff und anderen Fassadenmaterialien. F\u00fcr die Glasreinigung mit Reinigungsanlagen und Wischern geeignet. Auch der Einsatz von Teleskopen und bei starker Verschmutzung m\u00f6glich. Soll das Glas regelm\u00e4\u00dfig reinigen. Bei starker Verschmutzung auch auf verschiedenen Fl\u00e4chen gleichzeitig einsetzbar.<\/p>\n<p><strong>Vorteile<\/strong><br \/>\nWarum ist der Multi Surface Facade Wash besser als andere Glasreiniger:<br \/>\n1. Reinigt bemerkenswert besser.<br \/>\n2. Umweltfreundlich, wasserbasierend, keine giftigen D\u00e4mpfe, pH-neutral.<br \/>\n3. Nicht brennbar, EcoSafe.<br \/>\n4. Sauberkeit ohne Farbstreifen.<br \/>\n5. Bleibt l\u00e4nger feucht, auch an sonnigen und windigen Tagen.<br \/>\n6. Geringe Schaumbildung.<br \/>\n7. Nicht aggressiv. Andere Fassadenoberfl\u00e4chen werden nicht besch\u00e4digt.<\/p>\n<p><strong>Technische Eigenschaften<\/strong><br \/>\nFarbe farblos<br \/>\nDichte 0,99 gr\/cm3<br \/>\npH-Wert 7<br \/>\nVerbrauch vom Grad der Verschmutzung abh\u00e4ngig<\/p>\n<p><strong>Anwendbare Oberfl\u00e4chen<\/strong><br \/>\nNahezu alle Arten von Glas, Aluminium, Kunststoffen und anderen Fassadenmaterialien.<\/p>\n<p><strong>Verarbeitungsart<\/strong><br \/>\nDie Reinigung ist basierend auf manuelle oder mechanische Bearbeitung.<\/p>\n<p>Download <a href=\"https:\/\/www.gratch.com\/renovio\/wp-content\/uploads\/sites\/6\/2025\/03\/WI-RV-03-Multi-Surface-Facade-Wash-2012.1-DE.pdf\" target=\"_blank\" rel=\"noopener\">Gebrauchsanweisung<\/a><\/p>\n","protected":false},"excerpt":{"rendered":"<p>Ein professioneller Reiniger f\u00fcr Glas, Aluminium, Edelstahl, Kunststoff und anderen Fassadenmaterialien<\/p>\n","protected":false},"featured_media":2473,"template":"","meta":[],"product_brand":[],"product_cat":[356,95],"product_tag":[],"class_list":{"0":"post-2477","1":"product","2":"type-product","3":"status-publish","4":"has-post-thumbnail","6":"product_cat-universell","7":"product_cat-alle-renovio-produkte","9":"first","10":"instock","11":"taxable","12":"shipping-taxable","13":"purchasable","14":"product-type-variable"},"aioseo_notices":[],"_links":{"self":[{"href":"https:\/\/www.gratch.com\/renovio\/wp-json\/wp\/v2\/product\/2477","targetHints":{"allow":["GET"]}}],"collection":[{"href":"https:\/\/www.gratch.com\/renovio\/wp-json\/wp\/v2\/product"}],"about":[{"href":"https:\/\/www.gratch.com\/renovio\/wp-json\/wp\/v2\/types\/product"}],"wp:featuredmedia":[{"embeddable":true,"href":"https:\/\/www.gratch.com\/renovio\/wp-json\/wp\/v2\/media\/2473"}],"wp:attachment":[{"href":"https:\/\/www.gratch.com\/renovio\/wp-json\/wp\/v2\/media?parent=2477"}],"wp:term":[{"taxonomy":"product_brand","embeddable":true,"href":"https:\/\/www.gratch.com\/renovio\/wp-json\/wp\/v2\/product_brand?post=2477"},{"taxonomy":"product_cat","embeddable":true,"href":"https:\/\/www.gratch.com\/renovio\/wp-json\/wp\/v2\/product_cat?post=2477"},{"taxonomy":"product_tag","embeddable":true,"href":"https:\/\/www.gratch.com\/renovio\/wp-json\/wp\/v2\/product_tag?post=2477"}],"curies":[{"name":"wp","href":"https:\/\/api.w.org\/{rel}","templated":true}]}}