{"id":1888,"date":"2021-05-10T10:30:52","date_gmt":"2021-05-10T08:30:52","guid":{"rendered":"https:\/\/www.gratch.com\/revoglas\/?post_type=product&#038;p=1888"},"modified":"2023-12-14T16:40:42","modified_gmt":"2023-12-14T15:40:42","slug":"revoglas-pro-paket","status":"publish","type":"product","link":"https:\/\/www.gratch.com\/revoglas\/de\/product\/revoglas-pro-paket\/","title":{"rendered":"RevoGlas Pro Paket"},"content":{"rendered":"<p>RevoGlas bietet eine komplette Linie von Produkten zur Entfernung von Kratzern, Ver\u00e4tzungen und weitere Glasbesch\u00e4digunge f\u00fcr jede Sorte Glas, wie Floatglas, ESG, TVG, VSG und Brandschutzverglasung. RevoGlas ist eine einzigartige und patentierte L\u00f6sung f\u00fcr Glassanierung, und ist so entwickelt worden, dass die meisten vorkommenden Besch\u00e4digungen auf schnelle und effektive Weise repariert werden k\u00f6nnen, ohne Verzerrungen.<\/p>\n<p>Die Systeme enthalten qualitativ hochwertige Ger\u00e4te und alle ben\u00f6tigte Zubeh\u00f6re. Kombiniert mit den einzigartigen Treibteller, kodierten RevoDisks und die spezielle Polierpaste bietet RevoGlas<br \/>\neine \u00e4u\u00dferst effektive Anwendung f\u00fcr Glassanierung.<\/p>\n<p><u><b>Das RevoGlas Pro Paket enh\u00e4lt:<\/b><\/u><br \/>\n\u2022 Hochwertiger Systemkoffer<br \/>\n\u2022 Kr\u00e4ftige premium Makita Poliermaschine<br \/>\n\u2022 4 hochwertige Treibteller<br \/>\n\u2022 3 RevoFelt Polierscheiben (3\u201d 5\u201d 6\u201d)<br \/>\n\u2022 100 RevoDisks (3\u201d 5\u201d 6\u201d 8\u201d)<br \/>\n\u2022 Raspel (f\u00fcr Polierscheibe)<br \/>\n\u2022 IR Thermometer<br \/>\n\u2022 Stahlb\u00fcrste<br \/>\n\u2022 RevoGlas Polierpaste (Spray)<br \/>\n\u2022 RevoGlas Finishing Spray<br \/>\n\u2022 2 Spr\u00fchflakons<br \/>\n\u2022 Staubmaske<br \/>\n\u2022 Gebrauchsanweisung<\/p>\n","protected":false},"excerpt":{"rendered":"<p>Das RevoGlas Pro Paket ist ein vollprofessionelles, gebrauchsfertiges Paket mit Polierer f\u00fcr station\u00e4re und ortsbezogene Arbeiten<\/p>\n","protected":false},"featured_media":1655,"template":"","meta":[],"product_brand":[],"product_cat":[126,128],"product_tag":[],"class_list":{"0":"post-1888","1":"product","2":"type-product","3":"status-publish","4":"has-post-thumbnail","6":"product_cat-glasrenovierungssysteme","7":"product_cat-alle-revoglas-produkte","9":"first","10":"instock","11":"taxable","12":"shipping-taxable","13":"purchasable","14":"product-type-simple"},"aioseo_notices":[],"_links":{"self":[{"href":"https:\/\/www.gratch.com\/revoglas\/wp-json\/wp\/v2\/product\/1888","targetHints":{"allow":["GET"]}}],"collection":[{"href":"https:\/\/www.gratch.com\/revoglas\/wp-json\/wp\/v2\/product"}],"about":[{"href":"https:\/\/www.gratch.com\/revoglas\/wp-json\/wp\/v2\/types\/product"}],"wp:featuredmedia":[{"embeddable":true,"href":"https:\/\/www.gratch.com\/revoglas\/wp-json\/wp\/v2\/media\/1655"}],"wp:attachment":[{"href":"https:\/\/www.gratch.com\/revoglas\/wp-json\/wp\/v2\/media?parent=1888"}],"wp:term":[{"taxonomy":"product_brand","embeddable":true,"href":"https:\/\/www.gratch.com\/revoglas\/wp-json\/wp\/v2\/product_brand?post=1888"},{"taxonomy":"product_cat","embeddable":true,"href":"https:\/\/www.gratch.com\/revoglas\/wp-json\/wp\/v2\/product_cat?post=1888"},{"taxonomy":"product_tag","embeddable":true,"href":"https:\/\/www.gratch.com\/revoglas\/wp-json\/wp\/v2\/product_tag?post=1888"}],"curies":[{"name":"wp","href":"https:\/\/api.w.org\/{rel}","templated":true}]}}