{"id":1903,"date":"2021-05-10T15:15:04","date_gmt":"2021-05-10T13:15:04","guid":{"rendered":"https:\/\/www.gratch.com\/revoglas\/?post_type=product&#038;p=1903"},"modified":"2024-07-03T12:27:12","modified_gmt":"2024-07-03T10:27:12","slug":"revoglas-start-xl-kit-de","status":"publish","type":"product","link":"https:\/\/www.gratch.com\/revoglas\/de\/product\/revoglas-start-xl-kit-de\/","title":{"rendered":"RevoGlas Starter XL kit"},"content":{"rendered":"<p>Das RevoGlas Starter XL-Kit entfernt in 3 Schritten Kratzer und S\u00e4ure-Graffiti von Glas. Es funktioniert schnell und hinterl\u00e4sst keine Verzerrungen.<\/p>\n<p>Mit unseren gr\u00f6\u00dferen 5&#8243; und 6&#8243; RevoDisks macht RevoGlas das R\u00e4tselraten bei der Glasreparatur zum Kinderspiel. Das System ist ausschlie\u00dflich f\u00fcr Glastechniker und Dienstleistungsunternehmen konzipiert, die hochprofitable Restaurierungsdienstleistungen zu niedrigen Eintrittskosten anbieten m\u00f6chten. Mit einem einfachen 3-Schritten-Trockenmahlverfahren liefert das System schnelle, verzerrungsfreie Ergebnisse zu einem Bruchteil der Kosten unseres gr\u00f6sseren professionellen Pakketten.<\/p>\n<p><u><b>RevoGlas Starter XL Kit enth\u00e4lt:<\/b><\/u><br \/>\n10 RevoDisks B5<br \/>\n10 RevoDisks PP5<br \/>\n10 RevoDisks B6<br \/>\n10 RevoDisks PP6<\/p>\n<p>1 Treibteller 5\u201d<br \/>\n1 Treibteller 6\u201d<\/p>\n<p>1 RevoFelt Polierscheibe 6&#8243;<br \/>\n1 Polierpaste<br \/>\n1 Finishing Spray<\/p>\n<p>1 Raspel (f\u00fcr Polierscheibe)<br \/>\n1 Staubemaske<br \/>\n2 Sp\u00fchflakons<br \/>\nGebrauchsanweisung<\/p>\n","protected":false},"excerpt":{"rendered":"<p>RevoGlas Starter XL Kit mit verschiedenen Revodisks (5&#8243; &amp; 6&#8243;), Tr\u00e4gerscheiben, Revofelt Polierscheiben und Zubeh\u00f6r<\/p>\n","protected":false},"featured_media":1751,"template":"","meta":[],"product_brand":[],"product_cat":[126,128],"product_tag":[],"class_list":{"0":"post-1903","1":"product","2":"type-product","3":"status-publish","4":"has-post-thumbnail","6":"product_cat-glasrenovierungssysteme","7":"product_cat-alle-revoglas-produkte","9":"first","10":"instock","11":"taxable","12":"shipping-taxable","13":"purchasable","14":"product-type-simple"},"aioseo_notices":[],"_links":{"self":[{"href":"https:\/\/www.gratch.com\/revoglas\/wp-json\/wp\/v2\/product\/1903","targetHints":{"allow":["GET"]}}],"collection":[{"href":"https:\/\/www.gratch.com\/revoglas\/wp-json\/wp\/v2\/product"}],"about":[{"href":"https:\/\/www.gratch.com\/revoglas\/wp-json\/wp\/v2\/types\/product"}],"wp:featuredmedia":[{"embeddable":true,"href":"https:\/\/www.gratch.com\/revoglas\/wp-json\/wp\/v2\/media\/1751"}],"wp:attachment":[{"href":"https:\/\/www.gratch.com\/revoglas\/wp-json\/wp\/v2\/media?parent=1903"}],"wp:term":[{"taxonomy":"product_brand","embeddable":true,"href":"https:\/\/www.gratch.com\/revoglas\/wp-json\/wp\/v2\/product_brand?post=1903"},{"taxonomy":"product_cat","embeddable":true,"href":"https:\/\/www.gratch.com\/revoglas\/wp-json\/wp\/v2\/product_cat?post=1903"},{"taxonomy":"product_tag","embeddable":true,"href":"https:\/\/www.gratch.com\/revoglas\/wp-json\/wp\/v2\/product_tag?post=1903"}],"curies":[{"name":"wp","href":"https:\/\/api.w.org\/{rel}","templated":true}]}}