{"id":1905,"date":"2021-05-10T15:32:17","date_gmt":"2021-05-10T13:32:17","guid":{"rendered":"https:\/\/www.gratch.com\/revoglas\/?post_type=product&#038;p=1905"},"modified":"2023-12-14T13:51:12","modified_gmt":"2023-12-14T12:51:12","slug":"revoglas-starter-kit-de","status":"publish","type":"product","link":"https:\/\/www.gratch.com\/revoglas\/de\/product\/revoglas-starter-kit-de\/","title":{"rendered":"RevoGlas Starter Kit"},"content":{"rendered":"<p>Das RevoGlas Starter Kit ist eine kleine und kompakte Verpackung, die Revodisks (3&#8243; &amp; 5&#8243;), Tr\u00e4gerscheiben, ein Polierscheibe und Polierpaste enth\u00e4lt. Entfernt Kratzer, \u00c4tz-Graffiti oder Kalk in 3 Schritten vom Glas. Es funktioniert schnell und hinterl\u00e4sst keine Verzerrungen.<\/p>\n<p><b><u>RevoGlas Starter Kit enth\u00e4lt:<\/u><\/b><br \/>\n5 RevoDisks B3<br \/>\n5 RevoDisks PP3<br \/>\n5 RevoDisks B5<br \/>\n5 RevoDisks PP5<\/p>\n<p>1 Treibteller 3\u201d<br \/>\n1 Treibteller 5\u201d<\/p>\n<p>1 RevoFelt Polierscheibe 5&#8243;<br \/>\n1 Polierpaste<br \/>\n1 Finishing Spray<\/p>\n<p>1 Raspel (Polierscheibe)<br \/>\n1 Staubemaske<br \/>\n2 Spr\u00fchflakons<\/p>\n<p>Gebrauchsanweisung<\/p>\n","protected":false},"excerpt":{"rendered":"<p>Kleines und kompaktes Kit zum Entfernen von Kratzern, S\u00e4ure-Graffiti oder Kalk von Glas<\/p>\n","protected":false},"featured_media":1752,"template":"","meta":[],"product_brand":[],"product_cat":[126,128],"product_tag":[],"class_list":{"0":"post-1905","1":"product","2":"type-product","3":"status-publish","4":"has-post-thumbnail","6":"product_cat-glasrenovierungssysteme","7":"product_cat-alle-revoglas-produkte","9":"first","10":"instock","11":"taxable","12":"shipping-taxable","13":"purchasable","14":"product-type-simple"},"aioseo_notices":[],"_links":{"self":[{"href":"https:\/\/www.gratch.com\/revoglas\/wp-json\/wp\/v2\/product\/1905","targetHints":{"allow":["GET"]}}],"collection":[{"href":"https:\/\/www.gratch.com\/revoglas\/wp-json\/wp\/v2\/product"}],"about":[{"href":"https:\/\/www.gratch.com\/revoglas\/wp-json\/wp\/v2\/types\/product"}],"wp:featuredmedia":[{"embeddable":true,"href":"https:\/\/www.gratch.com\/revoglas\/wp-json\/wp\/v2\/media\/1752"}],"wp:attachment":[{"href":"https:\/\/www.gratch.com\/revoglas\/wp-json\/wp\/v2\/media?parent=1905"}],"wp:term":[{"taxonomy":"product_brand","embeddable":true,"href":"https:\/\/www.gratch.com\/revoglas\/wp-json\/wp\/v2\/product_brand?post=1905"},{"taxonomy":"product_cat","embeddable":true,"href":"https:\/\/www.gratch.com\/revoglas\/wp-json\/wp\/v2\/product_cat?post=1905"},{"taxonomy":"product_tag","embeddable":true,"href":"https:\/\/www.gratch.com\/revoglas\/wp-json\/wp\/v2\/product_tag?post=1905"}],"curies":[{"name":"wp","href":"https:\/\/api.w.org\/{rel}","templated":true}]}}