{"id":1939,"date":"2021-05-10T16:41:40","date_gmt":"2021-05-10T14:41:40","guid":{"rendered":"https:\/\/www.gratch.com\/revoglas\/?post_type=product&#038;p=1939"},"modified":"2026-03-31T16:29:25","modified_gmt":"2026-03-31T14:29:25","slug":"revoglas-polierpaste","status":"publish","type":"product","link":"https:\/\/www.gratch.com\/revoglas\/de\/product\/revoglas-polierpaste\/","title":{"rendered":"RevoGlas Polierpaste"},"content":{"rendered":"<p>Diese spezielle Polierpaste enth\u00e4lt nat\u00fcrliche Stoffe aus dem Erdreich, wodurch ein homogenes Gemisch entsteht. Dies garantiert eine gleichm\u00e4\u00dfige Polierprozedur. Nach Anwendung der PP# (Gau) Vorpolierscheibe (Schritt 2) ist das Polieren mit der Polierpaste den letzten Schritt. Eine Packung wird mit 700 ml Wasser verd\u00fcnnt und reicht um mehr als 20 m\u00b2 zu polieren.<\/p>\n","protected":false},"excerpt":{"rendered":"<p>Tr\u00e4gt zu einem gleichm\u00e4\u00dfigen Polierprozess bei<\/p>\n","protected":false},"featured_media":1685,"template":"","meta":[],"product_brand":[],"product_cat":[132,130,128],"product_tag":[],"class_list":{"0":"post-1939","1":"product","2":"type-product","3":"status-publish","4":"has-post-thumbnail","6":"product_cat-polierscheiben-polierpaste","7":"product_cat-zubehoeren-teile","8":"product_cat-alle-revoglas-produkte","10":"first","11":"instock","12":"taxable","13":"shipping-taxable","14":"purchasable","15":"product-type-variable"},"aioseo_notices":[],"_links":{"self":[{"href":"https:\/\/www.gratch.com\/revoglas\/wp-json\/wp\/v2\/product\/1939","targetHints":{"allow":["GET"]}}],"collection":[{"href":"https:\/\/www.gratch.com\/revoglas\/wp-json\/wp\/v2\/product"}],"about":[{"href":"https:\/\/www.gratch.com\/revoglas\/wp-json\/wp\/v2\/types\/product"}],"wp:featuredmedia":[{"embeddable":true,"href":"https:\/\/www.gratch.com\/revoglas\/wp-json\/wp\/v2\/media\/1685"}],"wp:attachment":[{"href":"https:\/\/www.gratch.com\/revoglas\/wp-json\/wp\/v2\/media?parent=1939"}],"wp:term":[{"taxonomy":"product_brand","embeddable":true,"href":"https:\/\/www.gratch.com\/revoglas\/wp-json\/wp\/v2\/product_brand?post=1939"},{"taxonomy":"product_cat","embeddable":true,"href":"https:\/\/www.gratch.com\/revoglas\/wp-json\/wp\/v2\/product_cat?post=1939"},{"taxonomy":"product_tag","embeddable":true,"href":"https:\/\/www.gratch.com\/revoglas\/wp-json\/wp\/v2\/product_tag?post=1939"}],"curies":[{"name":"wp","href":"https:\/\/api.w.org\/{rel}","templated":true}]}}